{"id":1187,"date":"2021-03-12T10:53:45","date_gmt":"2021-03-12T01:53:45","guid":{"rendered":"https:\/\/sankyomeat.co.jp\/?page_id=1187"},"modified":"2021-03-17T11:49:19","modified_gmt":"2021-03-17T02:49:19","slug":"about","status":"publish","type":"page","link":"https:\/\/sankyomeat.co.jp\/es\/business\/about\/","title":{"rendered":"Resumen de actividades"},"content":{"rendered":"\n<div class=\"wp-block-cover\" style=\"background-color:#804826;min-height:250px;aspect-ratio:unset;\"><img loading=\"lazy\" decoding=\"async\" width=\"1024\" height=\"683\" class=\"wp-block-cover__image-background wp-image-499\" alt=\"\" src=\"https:\/\/sankyomeat.co.jp\/wp-content\/uploads\/2020\/07\/\u30b9\u30e9\u30a4\u30c8\u3099\u30b7\u30e7\u30fc\u2460.jpg\" data-object-fit=\"cover\" srcset=\"https:\/\/sankyomeat.co.jp\/wp-content\/uploads\/2020\/07\/\u30b9\u30e9\u30a4\u30c8\u3099\u30b7\u30e7\u30fc\u2460.jpg 1024w, https:\/\/sankyomeat.co.jp\/wp-content\/uploads\/2020\/07\/\u30b9\u30e9\u30a4\u30c8\u3099\u30b7\u30e7\u30fc\u2460-300x200.jpg 300w, https:\/\/sankyomeat.co.jp\/wp-content\/uploads\/2020\/07\/\u30b9\u30e9\u30a4\u30c8\u3099\u30b7\u30e7\u30fc\u2460-768x512.jpg 768w\" sizes=\"auto, (max-width: 1024px) 100vw, 1024px\" \/><div class=\"wp-block-cover__inner-container is-layout-flow wp-block-cover-is-layout-flow\">\n<p class=\"has-background\" style=\"background-color:#fb7827\">SANKYOMEAT INC., fue creada en septiembre de 1981 como una filial de propiedad integral de Itoham Foods Inc.<br>Nos dedicamos al procesamiento c\u00e1rnico, sacrificando y cortando ganado vacuno y porcino para proveer de carnes listas para preparar a almacenes, supermercados y carnicer\u00edas a nivel nacional a trav\u00e9s de Itoham Foods Inc.<\/p>\n<\/div><\/div>\n\n\n\n<h2 class=\"wp-block-heading\">Flujo de producci\u00f3n de nuestros productos<\/h2>\n\n\n\n<div class=\"wp-block-columns is-layout-flex wp-container-core-columns-is-layout-9d6595d7 wp-block-columns-is-layout-flex\">\n<div class=\"wp-block-column is-layout-flow wp-block-column-is-layout-flow\" style=\"flex-basis:20%\">\n<div class=\"wp-block-image\"><figure class=\"aligncenter size-large\"><img loading=\"lazy\" decoding=\"async\" width=\"131\" height=\"136\" src=\"https:\/\/sankyomeat.co.jp\/wp-content\/uploads\/2020\/10\/flow01-en.png\" alt=\"\" class=\"wp-image-960\"\/><\/figure><\/div>\n<\/div>\n\n\n\n<div class=\"wp-block-column is-layout-flow wp-block-column-is-layout-flow\" style=\"flex-basis:90%\">\n<h3 class=\"wp-block-heading\">Crianza de ganado vacuno y porcino en cada granja<\/h3>\n\n\n\n<p>El engorde y la producci\u00f3n nacional de carne vacuna y porcina se realiza en granjas afiliadas.<\/p>\n<\/div>\n<\/div>\n\n\n\n<div class=\"wp-block-columns is-layout-flex wp-container-core-columns-is-layout-9d6595d7 wp-block-columns-is-layout-flex\">\n<div class=\"wp-block-column is-layout-flow wp-block-column-is-layout-flow\" style=\"flex-basis:20%\">\n<div class=\"wp-block-image\"><figure class=\"aligncenter size-large\"><img loading=\"lazy\" decoding=\"async\" width=\"109\" height=\"135\" src=\"https:\/\/sankyomeat.co.jp\/wp-content\/uploads\/2020\/10\/flow02-en.png\" alt=\"\" class=\"wp-image-961\"\/><\/figure><\/div>\n\n\n\n<p><\/p>\n<\/div>\n\n\n\n<div class=\"wp-block-column is-layout-flow wp-block-column-is-layout-flow\" style=\"flex-basis:90%\">\n<h3 class=\"wp-block-heading\">Sacrificio, procesamiento de la carne y despacho (SANKYOMEAT INC.)<\/h3>\n\n\n\n<p>Despu\u00e9s del sacrificio y corte, la carne se env\u00eda al centro de distribuci\u00f3n del Grupo Itoham Foods.<\/p>\n\n\n\n<ul class=\"list-arrow wp-block-list\"><li><a href=\"https:\/\/sankyomeat.co.jp\/es\/business\/beef\/\">Sacrificio y procesamiento de carne vacuna<\/a><\/li><li><a href=\"https:\/\/sankyomeat.co.jp\/es\/business\/pork\/\">Sacrificio y procesamiento de carne porcina<\/a><\/li><\/ul>\n<\/div>\n<\/div>\n\n\n\n<div class=\"wp-block-columns is-layout-flex wp-container-core-columns-is-layout-9d6595d7 wp-block-columns-is-layout-flex\">\n<div class=\"wp-block-column is-layout-flow wp-block-column-is-layout-flow\" style=\"flex-basis:20%\">\n<div class=\"wp-block-image\"><figure class=\"aligncenter size-large\"><img loading=\"lazy\" decoding=\"async\" width=\"112\" height=\"136\" src=\"https:\/\/sankyomeat.co.jp\/wp-content\/uploads\/2020\/10\/flow03-en.png\" alt=\"\" class=\"wp-image-962\"\/><\/figure><\/div>\n<\/div>\n\n\n\n<div class=\"wp-block-column is-layout-flow wp-block-column-is-layout-flow\" style=\"flex-basis:90%\">\n<h3 class=\"wp-block-heading\">Comercializaci\u00f3n y venta a nivel nacional (Itoham Foods Inc.)<\/h3>\n\n\n\n<p>Distribuci\u00f3n desde los centros de distribuci\u00f3n a las oficinas y centros de ventas del Grupo Itoham Foods en todo Jap\u00f3n.<\/p>\n<\/div>\n<\/div>\n\n\n\n<div class=\"wp-block-columns is-layout-flex wp-container-core-columns-is-layout-9d6595d7 wp-block-columns-is-layout-flex\">\n<div class=\"wp-block-column is-layout-flow wp-block-column-is-layout-flow\" style=\"flex-basis:20%\">\n<div class=\"wp-block-image\"><figure class=\"aligncenter size-large\"><img loading=\"lazy\" decoding=\"async\" width=\"109\" height=\"109\" src=\"https:\/\/sankyomeat.co.jp\/wp-content\/uploads\/2020\/10\/flow04-en.png\" alt=\"\" class=\"wp-image-963\"\/><\/figure><\/div>\n\n\n\n<p><\/p>\n<\/div>\n\n\n\n<div class=\"wp-block-column is-layout-flow wp-block-column-is-layout-flow\" style=\"flex-basis:90%\">\n<h3 class=\"wp-block-heading\">A vuestras mesas<\/h3>\n\n\n\n<p>Los productos son distribuidos desde nuestras oficinas locales a puntos de venta a nivel nacional.<\/p>\n<\/div>\n<\/div>\n\n\n\n<h2 class=\"wp-block-heading\">Expansi\u00f3n internacional<\/h2>\n\n\n\n<div class=\"wp-block-columns is-layout-flex wp-container-core-columns-is-layout-9d6595d7 wp-block-columns-is-layout-flex\">\n<div class=\"wp-block-column is-layout-flow wp-block-column-is-layout-flow\" style=\"flex-basis:55%\">\n<p>Tambi\u00e9n nos dedicamos a la venta de carne de res y cerdo en el extranjero.<br>Existen varias normas de gesti\u00f3n de higiene y equipamiento para la venta hacia el extranjero. SANKYOMEAT INC., ha instalado equipos de \u00faltima generaci\u00f3n provenientes de la UE para cumplir con dichos criterios. Nuestra deliciosa carne de res y cerdo japonesa es exportada a Europa y otros pa\u00edses alrededor del mundo.<\/p>\n<\/div>\n\n\n\n<div class=\"wp-block-column is-layout-flow wp-block-column-is-layout-flow\" style=\"flex-basis:45%\">\n<div class=\"wp-block-image\"><figure class=\"aligncenter size-medium\"><img loading=\"lazy\" decoding=\"async\" width=\"300\" height=\"161\" src=\"https:\/\/sankyomeat.co.jp\/wp-content\/uploads\/2020\/06\/mapimage-300x161.png\" alt=\"\u6d77\u5916\u5c55\u958b\u30a4\u30e1\u30fc\u30b8\" class=\"wp-image-233\" srcset=\"https:\/\/sankyomeat.co.jp\/wp-content\/uploads\/2020\/06\/mapimage-300x161.png 300w, https:\/\/sankyomeat.co.jp\/wp-content\/uploads\/2020\/06\/mapimage.png 581w\" sizes=\"auto, (max-width: 300px) 100vw, 300px\" \/><\/figure><\/div>\n<\/div>\n<\/div>\n","protected":false},"excerpt":{"rendered":"<p>Flujo de producci\u00f3n de nuestros productos Crianza de ganado vacuno y porcino en cada granja El engorde y la producci\u00f3n nacional de carne vacuna y porcina se realiza en granjas afiliadas. Sacrificio, procesamiento de la carne y despacho (SANKYOMEAT INC.) Despu\u00e9s del sacrificio y corte, la carne se env\u00eda al centro de distribuci\u00f3n del Grupo Itoham Foods. Sacrificio y procesamiento de carne vacuna Sacrificio y procesamiento de carne porcina Comercializaci\u00f3n y venta a nivel nacional (Itoham Foods Inc.) Distribuci\u00f3n desde los centros de distribuci\u00f3n a las oficinas y centros de ventas del Grupo Itoham Foods en todo Jap\u00f3n. A vuestras mesas Los productos son distribuidos desde nuestras oficinas locales a puntos de venta a nivel nacional. Expansi\u00f3n internacional Tambi\u00e9n nos dedicamos a la venta de carne de res y cerdo en el extranjero.Existen varias normas de gesti\u00f3n de higiene y equipamiento para la venta hacia el extranjero. SANKYOMEAT INC., ha instalado equipos de \u00faltima generaci\u00f3n provenientes de la UE para cumplir con dichos criterios. Nuestra deliciosa carne de res y cerdo japonesa es exportada a Europa y otros pa\u00edses alrededor del mundo.<\/p>\n","protected":false},"author":1,"featured_media":499,"parent":1185,"menu_order":0,"comment_status":"closed","ping_status":"closed","template":"","meta":{"_acf_changed":false,"_locale":"es_ES","_original_post":"https:\/\/sankyomeat.co.jp\/?page_id=204","footnotes":""},"class_list":{"0":"post-1187","1":"page","2":"type-page","3":"status-publish","4":"has-post-thumbnail","6":"es-ES"},"acf":[],"aioseo_notices":[],"jetpack_sharing_enabled":true,"_links":{"self":[{"href":"https:\/\/sankyomeat.co.jp\/wp-json\/wp\/v2\/pages\/1187","targetHints":{"allow":["GET"]}}],"collection":[{"href":"https:\/\/sankyomeat.co.jp\/wp-json\/wp\/v2\/pages"}],"about":[{"href":"https:\/\/sankyomeat.co.jp\/wp-json\/wp\/v2\/types\/page"}],"author":[{"embeddable":true,"href":"https:\/\/sankyomeat.co.jp\/wp-json\/wp\/v2\/users\/1"}],"replies":[{"embeddable":true,"href":"https:\/\/sankyomeat.co.jp\/wp-json\/wp\/v2\/comments?post=1187"}],"version-history":[{"count":3,"href":"https:\/\/sankyomeat.co.jp\/wp-json\/wp\/v2\/pages\/1187\/revisions"}],"predecessor-version":[{"id":1427,"href":"https:\/\/sankyomeat.co.jp\/wp-json\/wp\/v2\/pages\/1187\/revisions\/1427"}],"up":[{"embeddable":true,"href":"https:\/\/sankyomeat.co.jp\/wp-json\/wp\/v2\/pages\/1185"}],"wp:featuredmedia":[{"embeddable":true,"href":"https:\/\/sankyomeat.co.jp\/wp-json\/wp\/v2\/media\/499"}],"wp:attachment":[{"href":"https:\/\/sankyomeat.co.jp\/wp-json\/wp\/v2\/media?parent=1187"}],"curies":[{"name":"wp","href":"https:\/\/api.w.org\/{rel}","templated":true}]}}