{"id":1198,"date":"2021-03-12T11:05:59","date_gmt":"2021-03-12T02:05:59","guid":{"rendered":"https:\/\/sankyomeat.co.jp\/?page_id=1198"},"modified":"2021-03-12T11:07:55","modified_gmt":"2021-03-12T02:07:55","slug":"ariake-pork","status":"publish","type":"page","link":"https:\/\/sankyomeat.co.jp\/es\/plant\/ariake-pork\/","title":{"rendered":"Planta porcina de Ariake"},"content":{"rendered":"\n<figure class=\"wp-block-image size-full width100\"><img loading=\"lazy\" decoding=\"async\" width=\"900\" height=\"675\" src=\"https:\/\/sankyomeat.co.jp\/wp-content\/uploads\/2020\/05\/ariakeporkplant.jpeg\" alt=\"\u6709\u660e\u30dd\u30fc\u30af\u30d7\u30e9\u30f3\u30c8\" class=\"wp-image-117\" srcset=\"https:\/\/sankyomeat.co.jp\/wp-content\/uploads\/2020\/05\/ariakeporkplant.jpeg 900w, https:\/\/sankyomeat.co.jp\/wp-content\/uploads\/2020\/05\/ariakeporkplant-300x225.jpeg 300w, https:\/\/sankyomeat.co.jp\/wp-content\/uploads\/2020\/05\/ariakeporkplant-768x576.jpeg 768w\" sizes=\"auto, (max-width: 900px) 100vw, 900px\" \/><\/figure>\n\n\n\n<p>Gracias a una nueva l\u00ednea de sacrificio y la expansi\u00f3n de la l\u00ednea de corte, desde abril de 2019 la cantidad de carne de cerdo procesada en la planta porcina de Ariake se ha incrementado en aproximadamente un 40%.<br>La introducci\u00f3n de equipos de \u00faltima generaci\u00f3n procedentes de la UE ha acelerado la mecanizaci\u00f3n de tareas anteriormente manuales como el lavado, depilado y trozado, mejorando no solo la productividad y los costos, sino tambi\u00e9n la higiene y el ambiente de trabajo.<br>Adem\u00e1s, se toma muy en cuenta el bienestar animal para la automatizaci\u00f3n de la conducci\u00f3n de cerdos vivos y el sacrificio con di\u00f3xido de carbono.<br>Los nuevos equipos son amigables con el medioambiente ya que permiten en un 40% el consumo de agua, con lo cual por cerdo se requieren 600 litros en vez de 1 000.<br>La planta porcina de Ariake puede procesar hasta 2 400 cerdos por d\u00eda.<\/p>\n\n\n\n<h2 class=\"wp-block-heading\">Informaci\u00f3n<\/h2>\n\n\n\n<div class=\"wp-block-columns is-layout-flex wp-container-core-columns-is-layout-9d6595d7 wp-block-columns-is-layout-flex\">\n<div class=\"wp-block-column is-layout-flow wp-block-column-is-layout-flow\">\n<figure class=\"wp-block-table\"><table><tbody><tr><th>Ubicaci\u00f3n<\/th><td>6965 Noikura, Ariake-cho, Shibushi-shi, Kagoshima 899-7402<\/td><\/tr><tr><th>TEL<\/th><td>+81-99-474-1118<\/td><\/tr><tr><th>FAX<\/th><td>+81-99-474-1117<\/td><\/tr><tr><th>Instalaciones<\/th><td>\u30fbCasa matriz<br>\u30fbInstalaciones de procesado porcino<br>\u30fbInstalaciones de procesamiento<\/td><\/tr><\/tbody><\/table><\/figure>\n<\/div>\n\n\n\n<div class=\"wp-block-column is-layout-flow wp-block-column-is-layout-flow\">\n<iframe src=\"https:\/\/www.google.com\/maps\/embed?pb=!1m14!1m8!1m3!1d27227.44597479061!2d131.051847!3d31.457335!3m2!1i1024!2i768!4f13.1!3m3!1m2!1s0x353ec6b87d10a5af%3A0x309b018c7397125f!2s6965%20Ariakech%C5%8D%20Noikura%2C%20Shibushi%2C%20Kagoshima%20899-7402!5e0!3m2!1ses!2sjp!4v1615514811241!5m2!1ses!2sjp\" width=\"600\" height=\"300\" style=\"border:0;\" allowfullscreen=\"\" loading=\"lazy\"><\/iframe>\n<\/div>\n<\/div>\n","protected":false},"excerpt":{"rendered":"<p>Gracias a una nueva l\u00ednea de sacrificio y la expansi\u00f3n de la l\u00ednea de corte, desde abril de 2019 la cantidad de carne de cerdo procesada en la planta porcina de Ariake se ha incrementado en aproximadamente un 40%.La introducci\u00f3n de equipos de \u00faltima generaci\u00f3n procedentes de la UE ha acelerado la mecanizaci\u00f3n de tareas anteriormente manuales como el lavado, depilado y trozado, mejorando no solo la productividad y los costos, sino tambi\u00e9n la higiene y el ambiente de trabajo.Adem\u00e1s, se toma muy en cuenta el bienestar animal para la automatizaci\u00f3n de la conducci\u00f3n de cerdos vivos y el sacrificio con di\u00f3xido de carbono.Los nuevos equipos son amigables con el medioambiente ya que permiten en un 40% el consumo de agua, con lo cual por cerdo se requieren 600 litros en vez de 1 000.La planta porcina de Ariake puede procesar hasta 2 400 cerdos por d\u00eda. Informaci\u00f3n Ubicaci\u00f3n 6965 Noikura, Ariake-cho, Shibushi-shi, Kagoshima 899-7402 TEL +81-99-474-1118 FAX +81-99-474-1117 Instalaciones \u30fbCasa matriz\u30fbInstalaciones de procesado porcino\u30fbInstalaciones de procesamiento<\/p>\n","protected":false},"author":1,"featured_media":117,"parent":1195,"menu_order":1,"comment_status":"closed","ping_status":"closed","template":"","meta":{"_acf_changed":false,"_locale":"es_ES","_original_post":"https:\/\/sankyomeat.co.jp\/?page_id=22","footnotes":""},"class_list":{"0":"post-1198","1":"page","2":"type-page","3":"status-publish","4":"has-post-thumbnail","6":"es-ES"},"acf":[],"aioseo_notices":[],"jetpack_sharing_enabled":true,"_links":{"self":[{"href":"https:\/\/sankyomeat.co.jp\/wp-json\/wp\/v2\/pages\/1198","targetHints":{"allow":["GET"]}}],"collection":[{"href":"https:\/\/sankyomeat.co.jp\/wp-json\/wp\/v2\/pages"}],"about":[{"href":"https:\/\/sankyomeat.co.jp\/wp-json\/wp\/v2\/types\/page"}],"author":[{"embeddable":true,"href":"https:\/\/sankyomeat.co.jp\/wp-json\/wp\/v2\/users\/1"}],"replies":[{"embeddable":true,"href":"https:\/\/sankyomeat.co.jp\/wp-json\/wp\/v2\/comments?post=1198"}],"version-history":[{"count":2,"href":"https:\/\/sankyomeat.co.jp\/wp-json\/wp\/v2\/pages\/1198\/revisions"}],"predecessor-version":[{"id":1360,"href":"https:\/\/sankyomeat.co.jp\/wp-json\/wp\/v2\/pages\/1198\/revisions\/1360"}],"up":[{"embeddable":true,"href":"https:\/\/sankyomeat.co.jp\/wp-json\/wp\/v2\/pages\/1195"}],"wp:featuredmedia":[{"embeddable":true,"href":"https:\/\/sankyomeat.co.jp\/wp-json\/wp\/v2\/media\/117"}],"wp:attachment":[{"href":"https:\/\/sankyomeat.co.jp\/wp-json\/wp\/v2\/media?parent=1198"}],"curies":[{"name":"wp","href":"https:\/\/api.w.org\/{rel}","templated":true}]}}