{"id":1199,"date":"2021-03-12T11:11:20","date_gmt":"2021-03-12T02:11:20","guid":{"rendered":"https:\/\/sankyomeat.co.jp\/?page_id=1199"},"modified":"2021-03-12T11:13:22","modified_gmt":"2021-03-12T02:13:22","slug":"ariake-beef","status":"publish","type":"page","link":"https:\/\/sankyomeat.co.jp\/es\/plant\/ariake-beef\/","title":{"rendered":"Planta bovina de Ariake"},"content":{"rendered":"\n<figure class=\"wp-block-image size-large width100\"><img loading=\"lazy\" decoding=\"async\" width=\"900\" height=\"675\" src=\"https:\/\/sankyomeat.co.jp\/wp-content\/uploads\/2020\/05\/ariakebeefplant.jpeg\" alt=\"\u6709\u660e\u30d3\u30fc\u30d5\u30d7\u30e9\u30f3\u30c8\" class=\"wp-image-119\" srcset=\"https:\/\/sankyomeat.co.jp\/wp-content\/uploads\/2020\/05\/ariakebeefplant.jpeg 900w, https:\/\/sankyomeat.co.jp\/wp-content\/uploads\/2020\/05\/ariakebeefplant-300x225.jpeg 300w, https:\/\/sankyomeat.co.jp\/wp-content\/uploads\/2020\/05\/ariakebeefplant-768x576.jpeg 768w\" sizes=\"auto, (max-width: 900px) 100vw, 900px\" \/><\/figure>\n\n\n\n<p>Adem\u00e1s de distribuci\u00f3n nacional, la planta bovina de Ariake cuenta con licencias de exportaci\u00f3n para un total de 46 pa\u00edses y regiones en Am\u00e9rica del Norte, Am\u00e9rica del Sur, el sudeste asi\u00e1tico y pa\u00edses de la UE. Como una planta certificada para exportaci\u00f3n, conservamos las instalaciones y realizamos las tareas sanitarias bajo altos est\u00e1ndares de higiene, siendo capaces de sacrificar hasta 130 animales por d\u00eda y cortar hasta 105. En el departamento de corte trabajamos para fabricar productos de alta calidad cortando de acuerdo con las necesidades de nuestros clientes. En los \u00faltimos a\u00f1os, estamos enviando empleados j\u00f3venes al extranjero para que perfeccionen su t\u00e9cnica de corte, y creemos que esto conducir\u00e1 a una mayor expansi\u00f3n de la producci\u00f3n de carne japonesa Wagyu en el futuro. Tambi\u00e9n venimos preparando un ambiente de trabajo animado y gratificante para nuestros empleados j\u00f3venes.<\/p>\n\n\n\n<h3 class=\"wp-block-heading\">Recibimos el Premio del Ministro de Agricultura, Silvicultura y Pesca en los Premios a la Excelencia de Empresas Exportadoras 2017<\/h3>\n\n\n\n<p>En 1999, establecimos una nueva planta especializada en procesamiento de ganado de alta higiene. Nuestros constantes esfuerzos incluyen la incorporaci\u00f3n de ISO y otras normas internacionales con el fin de constituir una gesti\u00f3n de higiene de clase mundial, gracias a la cual venimos incrementando el n\u00famero de pa\u00edses hacia los que podemos exportar. Actualmente, podemos exportar carne vacuna a un total de 46 pa\u00edses y regiones, en cantidades que aumentan a\u00f1o tras a\u00f1o. Adem\u00e1s, participamos activamente en actividades de promoci\u00f3n de ventas en el extranjero para difundir la excelencia de la carne Wagyu. Dado que no existe la cultura de comer tajadas delgadas en Europa y Estados Unidos, enviamos nuestros t\u00e9cnicos a estos destinos para promover nuestras t\u00e9cnicas de corte y ofrecer sugerencias de m\u00e9todos de cocci\u00f3n.<br>En reconocimiento a estos esfuerzos, recibimos el Premio del Ministro de Agricultura, Silvicultura y Pesca en los Premios a la Excelencia de Empresas Exportadoras 2017.<\/p>\n\n\n\n<h3 class=\"wp-block-heading\">Desarrollo proactivo como base de producci\u00f3n para exportaci\u00f3n<\/h3>\n\n\n\n<p>Aunque el consumo nacional de carne de res se ha estancado debido a la recesi\u00f3n econ\u00f3mica, existe un inter\u00e9s cada vez mayor en la cultura alimentaria japonesa y gran valoraci\u00f3n de los ingredientes japoneses en el extranjero. En particular, nos centramos en la fuerte demanda esperada para la carne Wagyu en los clientes de clase alta de Hong Kong, Singapur y otros territorios de Asia.<br>Por otro lado, en el mundo ya se distribuye \u00abWagyu\u00bb extranjero producido de ganado de ascendencia Wagyu japonesa. Es as\u00ed como fue necesario desarrollar el entendimiento y apreciaci\u00f3n por la calidad y la seguridad que ofrece el control con identificaci\u00f3n individual del Wagyu japon\u00e9s, de mayor precio que las variantes extranjeras. En la adquisici\u00f3n de la certificaci\u00f3n de exportaci\u00f3n hacia Europa, se requer\u00eda la gesti\u00f3n del bienestar animal adem\u00e1s de la de higiene, por lo que nos vimos obligados a concienciar a los empleados.<br>Por esta raz\u00f3n, cuando nos visitan clientes extranjeros, les explicamos cuidadosamente el mecanismo de \u00abcontrol con n\u00famero de identificaci\u00f3n individual\u00bb y la \u00abgesti\u00f3n de pedigr\u00ed Wagyu\u00bb \u00fanicos de Jap\u00f3n, y les hacemos comprender la buena calidad a trav\u00e9s de la degustaci\u00f3n. A trav\u00e9s de capacitaciones y otros, buscamos inculcar el entendimiento del \u00abbienestar animal\u00bb en todos nuestros empleados, aspirando al ideal de empresa procesadora de alimentos c\u00e1rnicos.<\/p>\n\n\n\n<h3 class=\"wp-block-heading\">Nuestra gesti\u00f3n de higiene de clase mundial es altamente apreciada por los clientes japoneses<\/h3>\n\n\n\n<p>En 1998, la empresa introdujo el sistema HACCP del USDA (Departamento de Agricultura de EE. UU.), famoso por ser uno de los m\u00e1s estrictos del mundo. En 2002, adquirimos ISO14001 y en 2005 fuimos la primera procesadora de alimentos de alimentos c\u00e1rnicos de Jap\u00f3n en adquirir ISO22000.<br>Adoptar estos sistemas y normas solicitados por los pa\u00edses destino de exportaci\u00f3n nos ha permitido obtener sin problemas las certificaciones de exportaci\u00f3n para los principales destinos. Recientemente, los env\u00edos al extranjero se han expandido hasta superar las 600 cabezas de ganado Wagyu exportadas por mes. Adem\u00e1s, los clientes japoneses nos aprecian mucho por nuestra gesti\u00f3n de la higiene de nivel internacional.<\/p>\n\n\n\n<p><br>*ISO14001: Norma internacional que regula los sistemas de gesti\u00f3n ambiental para garantizar una \u00abgesti\u00f3n amable con el medioambiente global\u00bb<br>*ISO22000: Norma internacional que regula los sistemas de gesti\u00f3n de seguridad alimentaria para garantizar la \u00abseguridad y fiabilidad los alimentos\u00bb<\/p>\n\n\n\n<h2 class=\"wp-block-heading\">Informaci\u00f3n<\/h2>\n\n\n\n<div class=\"wp-block-columns is-layout-flex wp-container-core-columns-is-layout-9d6595d7 wp-block-columns-is-layout-flex\">\n<div class=\"wp-block-column is-layout-flow wp-block-column-is-layout-flow\">\n<figure class=\"wp-block-table\"><table><tbody><tr><th>Ubicaci\u00f3n<\/th><td>6965 Noikura, Ariake-cho, Shibushi-shi, Kagoshima 899-7402<\/td><\/tr><tr><th>TEL<\/th><td>+81-99-474-1118<\/td><\/tr><tr><th>FAX<\/th><td>+81-99-474-1117<\/td><\/tr><tr><th>Instalaciones<\/th><td>Instalaciones de procesado bovino<\/td><\/tr><\/tbody><\/table><\/figure>\n<\/div>\n\n\n\n<div class=\"wp-block-column is-layout-flow wp-block-column-is-layout-flow\">\n<iframe src=\"https:\/\/www.google.com\/maps\/embed?pb=!1m14!1m8!1m3!1d27227.44597479061!2d131.051847!3d31.457335!3m2!1i1024!2i768!4f13.1!3m3!1m2!1s0x353ec6b87d10a5af%3A0x309b018c7397125f!2s6965%20Ariakech%C5%8D%20Noikura%2C%20Shibushi%2C%20Kagoshima%20899-7402!5e0!3m2!1ses!2sjp!4v1615515107505!5m2!1ses!2sjp\" width=\"600\" height=\"300\" style=\"border:0;\" allowfullscreen=\"\" loading=\"lazy\"><\/iframe>\n<\/div>\n<\/div>\n\n\n\n<p><\/p>\n","protected":false},"excerpt":{"rendered":"<p>Adem\u00e1s de distribuci\u00f3n nacional, la planta bovina de Ariake cuenta con licencias de exportaci\u00f3n para un total de 46 pa\u00edses y regiones en Am\u00e9rica del Norte, Am\u00e9rica del Sur, el sudeste asi\u00e1tico y pa\u00edses de la UE. Como una planta certificada para exportaci\u00f3n, conservamos las instalaciones y realizamos las tareas sanitarias bajo altos est\u00e1ndares de higiene, siendo capaces de sacrificar hasta 130 animales por d\u00eda y cortar hasta 105. En el departamento de corte trabajamos para fabricar productos de alta calidad cortando de acuerdo con las necesidades de nuestros clientes. En los \u00faltimos a\u00f1os, estamos enviando empleados j\u00f3venes al extranjero para que perfeccionen su t\u00e9cnica de corte, y creemos que esto conducir\u00e1 a una mayor expansi\u00f3n de la producci\u00f3n de carne japonesa Wagyu en el futuro. Tambi\u00e9n venimos preparando un ambiente de trabajo animado y gratificante para nuestros empleados j\u00f3venes. Recibimos el Premio del Ministro de Agricultura, Silvicultura y Pesca en los Premios a la Excelencia de Empresas Exportadoras 2017 En 1999, establecimos una nueva planta especializada en procesamiento de ganado de alta higiene. Nuestros constantes esfuerzos incluyen la incorporaci\u00f3n de ISO y otras normas internacionales con el fin de constituir una gesti\u00f3n de higiene de clase mundial, gracias a la cual venimos incrementando el n\u00famero de pa\u00edses hacia los que podemos exportar. Actualmente, podemos exportar carne vacuna a un [&hellip;]<\/p>\n","protected":false},"author":1,"featured_media":119,"parent":1195,"menu_order":2,"comment_status":"closed","ping_status":"closed","template":"","meta":{"_acf_changed":false,"_locale":"es_ES","_original_post":"https:\/\/sankyomeat.co.jp\/?page_id=113","footnotes":""},"class_list":{"0":"post-1199","1":"page","2":"type-page","3":"status-publish","4":"has-post-thumbnail","6":"es-ES"},"acf":[],"aioseo_notices":[],"jetpack_sharing_enabled":true,"_links":{"self":[{"href":"https:\/\/sankyomeat.co.jp\/wp-json\/wp\/v2\/pages\/1199","targetHints":{"allow":["GET"]}}],"collection":[{"href":"https:\/\/sankyomeat.co.jp\/wp-json\/wp\/v2\/pages"}],"about":[{"href":"https:\/\/sankyomeat.co.jp\/wp-json\/wp\/v2\/types\/page"}],"author":[{"embeddable":true,"href":"https:\/\/sankyomeat.co.jp\/wp-json\/wp\/v2\/users\/1"}],"replies":[{"embeddable":true,"href":"https:\/\/sankyomeat.co.jp\/wp-json\/wp\/v2\/comments?post=1199"}],"version-history":[{"count":2,"href":"https:\/\/sankyomeat.co.jp\/wp-json\/wp\/v2\/pages\/1199\/revisions"}],"predecessor-version":[{"id":1362,"href":"https:\/\/sankyomeat.co.jp\/wp-json\/wp\/v2\/pages\/1199\/revisions\/1362"}],"up":[{"embeddable":true,"href":"https:\/\/sankyomeat.co.jp\/wp-json\/wp\/v2\/pages\/1195"}],"wp:featuredmedia":[{"embeddable":true,"href":"https:\/\/sankyomeat.co.jp\/wp-json\/wp\/v2\/media\/119"}],"wp:attachment":[{"href":"https:\/\/sankyomeat.co.jp\/wp-json\/wp\/v2\/media?parent=1199"}],"curies":[{"name":"wp","href":"https:\/\/api.w.org\/{rel}","templated":true}]}}