{"id":1201,"date":"2021-03-12T11:16:34","date_gmt":"2021-03-12T02:16:34","guid":{"rendered":"https:\/\/sankyomeat.co.jp\/?page_id=1201"},"modified":"2021-03-12T11:17:35","modified_gmt":"2021-03-12T02:17:35","slug":"kirishima","status":"publish","type":"page","link":"https:\/\/sankyomeat.co.jp\/es\/plant\/kirishima\/","title":{"rendered":"Planta de carne de Kirishima"},"content":{"rendered":"\n<figure class=\"wp-block-image size-large width100\"><img loading=\"lazy\" decoding=\"async\" width=\"900\" height=\"675\" src=\"https:\/\/sankyomeat.co.jp\/wp-content\/uploads\/2020\/06\/kirishima_meet_plant.jpg\" alt=\"\u9727\u5cf6\u30df\u30fc\u30c8\u30d7\u30e9\u30f3\u30c8\" class=\"wp-image-444\" srcset=\"https:\/\/sankyomeat.co.jp\/wp-content\/uploads\/2020\/06\/kirishima_meet_plant.jpg 900w, https:\/\/sankyomeat.co.jp\/wp-content\/uploads\/2020\/06\/kirishima_meet_plant-300x225.jpg 300w, https:\/\/sankyomeat.co.jp\/wp-content\/uploads\/2020\/06\/kirishima_meet_plant-768x576.jpg 768w\" sizes=\"auto, (max-width: 900px) 100vw, 900px\" \/><\/figure>\n\n\n\n<p>La planta de carne de Kirishima, ubicada en la ciudad de Kobayashi, prefectura de Miyazaki, realiza el sacrificio y corte de carne vacuna y porcina. La planta de corte bovina fue establecida recientemente como parte del plan de gesti\u00f3n a mediano plazo del Grupo Itoham Foods con el objetivo de mejorar y expandir la escala de la producci\u00f3n de carne, comenzando a funcionar desde octubre de 2014. Como resultado, hemos establecido un sistema de suministro de carne de res y cerdo tanto desde la planta principal en Kagoshima como la de Miyazaki. La planta de Kirishima tambi\u00e9n recibe carne de la prefectura de Kumamoto.<br>Con la nueva capacidad de corte de carne de res, es posible procesar hasta 40 reses y 1 080 cerdos por d\u00eda.<\/p>\n\n\n\n<h2 class=\"wp-block-heading\">Informaci\u00f3n<\/h2>\n\n\n\n<div class=\"wp-block-columns is-layout-flex wp-container-core-columns-is-layout-9d6595d7 wp-block-columns-is-layout-flex\">\n<div class=\"wp-block-column is-layout-flow wp-block-column-is-layout-flow\">\n<figure class=\"wp-block-table\"><table><tbody><tr><th>Ubicaci\u00f3n<\/th><td>2516 Hosono, Kobayashi-shi, Miyazaki 886-0004<\/td><\/tr><tr><th>TEL<\/th><td>+81-984-23-6129<\/td><\/tr><tr><th>FAX<\/th><td>+81-984-23-2540<\/td><\/tr><tr><th>Instalaciones<\/th><td>\u30fbEdificio administrativo<br>\u30fbInstalaciones de procesado porcino<br>\u30fbInstalaciones de procesado bovino<\/td><\/tr><\/tbody><\/table><\/figure>\n\n\n\n<p><\/p>\n<\/div>\n\n\n\n<div class=\"wp-block-column is-layout-flow wp-block-column-is-layout-flow\">\n<iframe src=\"https:\/\/www.google.com\/maps\/embed?pb=!1m14!1m8!1m3!1d13537.527487415691!2d130.980415!3d31.977662!3m2!1i1024!2i768!4f13.1!3m3!1m2!1s0x353f3e403c946c65%3A0x19b2ec04ef571ffd!2s2516%20Hosono%2C%20Kobayashi%2C%20Miyazaki%20886-0004!5e0!3m2!1ses!2sjp!4v1615515419786!5m2!1ses!2sjp\" width=\"600\" height=\"300\" style=\"border:0;\" allowfullscreen=\"\" loading=\"lazy\"><\/iframe>\n<\/div>\n<\/div>\n\n\n\n<p><\/p>\n","protected":false},"excerpt":{"rendered":"<p>La planta de carne de Kirishima, ubicada en la ciudad de Kobayashi, prefectura de Miyazaki, realiza el sacrificio y corte de carne vacuna y porcina. La planta de corte bovina fue establecida recientemente como parte del plan de gesti\u00f3n a mediano plazo del Grupo Itoham Foods con el objetivo de mejorar y expandir la escala de la producci\u00f3n de carne, comenzando a funcionar desde octubre de 2014. Como resultado, hemos establecido un sistema de suministro de carne de res y cerdo tanto desde la planta principal en Kagoshima como la de Miyazaki. La planta de Kirishima tambi\u00e9n recibe carne de la prefectura de Kumamoto.Con la nueva capacidad de corte de carne de res, es posible procesar hasta 40 reses y 1 080 cerdos por d\u00eda. Informaci\u00f3n Ubicaci\u00f3n 2516 Hosono, Kobayashi-shi, Miyazaki 886-0004 TEL +81-984-23-6129 FAX +81-984-23-2540 Instalaciones \u30fbEdificio administrativo\u30fbInstalaciones de procesado porcino\u30fbInstalaciones de procesado bovino<\/p>\n","protected":false},"author":1,"featured_media":444,"parent":1195,"menu_order":3,"comment_status":"closed","ping_status":"closed","template":"","meta":{"_acf_changed":false,"_locale":"es_ES","_original_post":"https:\/\/sankyomeat.co.jp\/?page_id=24","footnotes":""},"class_list":{"0":"post-1201","1":"page","2":"type-page","3":"status-publish","4":"has-post-thumbnail","6":"es-ES"},"acf":[],"aioseo_notices":[],"jetpack_sharing_enabled":true,"_links":{"self":[{"href":"https:\/\/sankyomeat.co.jp\/wp-json\/wp\/v2\/pages\/1201","targetHints":{"allow":["GET"]}}],"collection":[{"href":"https:\/\/sankyomeat.co.jp\/wp-json\/wp\/v2\/pages"}],"about":[{"href":"https:\/\/sankyomeat.co.jp\/wp-json\/wp\/v2\/types\/page"}],"author":[{"embeddable":true,"href":"https:\/\/sankyomeat.co.jp\/wp-json\/wp\/v2\/users\/1"}],"replies":[{"embeddable":true,"href":"https:\/\/sankyomeat.co.jp\/wp-json\/wp\/v2\/comments?post=1201"}],"version-history":[{"count":2,"href":"https:\/\/sankyomeat.co.jp\/wp-json\/wp\/v2\/pages\/1201\/revisions"}],"predecessor-version":[{"id":1364,"href":"https:\/\/sankyomeat.co.jp\/wp-json\/wp\/v2\/pages\/1201\/revisions\/1364"}],"up":[{"embeddable":true,"href":"https:\/\/sankyomeat.co.jp\/wp-json\/wp\/v2\/pages\/1195"}],"wp:featuredmedia":[{"embeddable":true,"href":"https:\/\/sankyomeat.co.jp\/wp-json\/wp\/v2\/media\/444"}],"wp:attachment":[{"href":"https:\/\/sankyomeat.co.jp\/wp-json\/wp\/v2\/media?parent=1201"}],"curies":[{"name":"wp","href":"https:\/\/api.w.org\/{rel}","templated":true}]}}