{"id":1211,"date":"2022-04-01T08:00:00","date_gmt":"2022-03-31T23:00:00","guid":{"rendered":"https:\/\/sankyomeat.co.jp\/?page_id=1211"},"modified":"2022-04-05T18:20:55","modified_gmt":"2022-04-05T09:20:55","slug":"message","status":"publish","type":"page","link":"https:\/\/sankyomeat.co.jp\/es\/company\/message\/","title":{"rendered":"Mensaje del presidente"},"content":{"rendered":"\n<div class=\"wp-block-columns is-layout-flex wp-container-core-columns-is-layout-9d6595d7 wp-block-columns-is-layout-flex\">\n<div class=\"wp-block-column is-layout-flow wp-block-column-is-layout-flow\">\n<div class=\"wp-block-group\"><div class=\"wp-block-group__inner-container is-layout-flow wp-block-group-is-layout-flow\">\n<p>Gracias por visitar el nuevo sitio web de SANKYOMEAT INC.<\/p>\n\n\n\n<p>En estos d\u00edas, el consumo de carne tanto en Jap\u00f3n como en el exterior se ha visto afectado dr\u00e1sticamente debido a la propagaci\u00f3n de la COVID-19. Pese a ello, SANKYOMEAT INC., compa\u00f1\u00eda l\u00edder en la producci\u00f3n de carne de Jap\u00f3n, contin\u00faa produciendo y suministrando carne de res y cerdo desde el sur de Jap\u00f3n tanto a nivel nacional como a muchos pa\u00edses del mundo.<\/p>\n\n\n\n<p>Tambi\u00e9n proporcionamos ingredientes para los almuerzos escolares de la ciudad de Shibushi y, a trav\u00e9s del programa de almuerzos escolares de la prefectura de Kagoshima, ni\u00f1os y estudiantes de la prefectura podr\u00e1n disfrutar de la carne de res de SANKYOMEAT INC.<br>Seguiremos contribuyendo a la comunidad local de diversas formas.<\/p>\n\n\n\n<p>En abril del a\u00f1o pasado adoptamos y comenzamos a operar equipos de \u00faltima tecnolog\u00eda de Europa, una regi\u00f3n avanzada en el procesamiento de carne. Aunque al principio fue un poco dif\u00edcil acostumbrarse a los equipos de \u00faltima generaci\u00f3n, ahora podemos usarlos sin problemas gracias al esfuerzo de nuestros empleados.<\/p>\n\n\n\n<p>En consecuencia, fuimos capaces de incrementar el suministro de ganado del \u00faltimo a\u00f1o en casi un 20% en comparaci\u00f3n con el del anterior. Este a\u00f1o nos esforzaremos entre todos para aumentar a\u00fan m\u00e1s la producci\u00f3n.<\/p>\n\n\n\n<p>Por otra parte, en el \u00e1rea adyacente a nuestra empresa ha comenzado la construcci\u00f3n del nuevo Centro Log\u00edstico de Minamikyushu de Kyushu Extract Limited, procesadora de extractos de carne y condimentos que a\u00f1ade valor a los recursos ganaderos locales, y FUKUOKAUNYU Co., Ltd., quienes revolucionan la log\u00edstica en el sur de Jap\u00f3n.<\/p>\n\n\n\n<p>Ambas empresas tienen como objetivo comenzar a operar a mediados del pr\u00f3ximo a\u00f1o fiscal, con lo cual empezar\u00e1n a enviarse nuevos productos del sur de Jap\u00f3n, una de sus mayores regiones productoras de alimentos, y ser\u00e1 posible distribuir una mayor cantidad de bienes a trav\u00e9s de medios amigables con el ambiente.<\/p>\n\n\n\n<p>SANKYOMEAT INC., mantiene siempre la mirada en el futuro de la producci\u00f3n de carne y seguir\u00e1 creciendo, haciendo uso de sus capacidades en sitio cultivadas desde la fundaci\u00f3n. Gracias por su continuo apoyo.<\/p>\n<\/div><\/div>\n<\/div>\n\n\n\n<div class=\"wp-block-column is-layout-flow wp-block-column-is-layout-flow\" style=\"flex-basis:33%\">\n<figure class=\"wp-block-image size-large\"><img loading=\"lazy\" decoding=\"async\" width=\"1024\" height=\"819\" src=\"https:\/\/sankyomeat.co.jp\/wp-content\/uploads\/2022\/04\/IMG_4731-2-1024x819.jpg\" alt=\"\" class=\"wp-image-1900\" srcset=\"https:\/\/sankyomeat.co.jp\/wp-content\/uploads\/2022\/04\/IMG_4731-2-1024x819.jpg 1024w, https:\/\/sankyomeat.co.jp\/wp-content\/uploads\/2022\/04\/IMG_4731-2-300x240.jpg 300w, https:\/\/sankyomeat.co.jp\/wp-content\/uploads\/2022\/04\/IMG_4731-2-768x614.jpg 768w, https:\/\/sankyomeat.co.jp\/wp-content\/uploads\/2022\/04\/IMG_4731-2-1536x1229.jpg 1536w, https:\/\/sankyomeat.co.jp\/wp-content\/uploads\/2022\/04\/IMG_4731-2-2048x1639.jpg 2048w\" sizes=\"auto, (max-width: 1024px) 100vw, 1024px\" \/><\/figure>\n\n\n\n<p class=\"has-text-align-center font-serif\"><strong>Mitsuru KOGA<\/strong><\/p>\n\n\n\n<p>Presidente y director representante<br>SANKYOMEAT INC.<\/p>\n\n\n\n<p><\/p>\n<\/div>\n<\/div>\n","protected":false},"excerpt":{"rendered":"<p>Gracias por visitar el nuevo sitio web de SANKYOMEAT INC. En estos d\u00edas, el consumo de carne tanto en Jap\u00f3n como en el exterior se ha visto afectado dr\u00e1sticamente debido a la propagaci\u00f3n de la COVID-19. Pese a ello, SANKYOMEAT INC., compa\u00f1\u00eda l\u00edder en la producci\u00f3n de carne de Jap\u00f3n, contin\u00faa produciendo y suministrando carne de res y cerdo desde el sur de Jap\u00f3n tanto a nivel nacional como a muchos pa\u00edses del mundo. Tambi\u00e9n proporcionamos ingredientes para los almuerzos escolares de la ciudad de Shibushi y, a trav\u00e9s del programa de almuerzos escolares de la prefectura de Kagoshima, ni\u00f1os y estudiantes de la prefectura podr\u00e1n disfrutar de la carne de res de SANKYOMEAT INC.Seguiremos contribuyendo a la comunidad local de diversas formas. En abril del a\u00f1o pasado adoptamos y comenzamos a operar equipos de \u00faltima tecnolog\u00eda de Europa, una regi\u00f3n avanzada en el procesamiento de carne. Aunque al principio fue un poco dif\u00edcil acostumbrarse a los equipos de \u00faltima generaci\u00f3n, ahora podemos usarlos sin problemas gracias al esfuerzo de nuestros empleados. En consecuencia, fuimos capaces de incrementar el suministro de ganado del \u00faltimo a\u00f1o en casi un 20% en comparaci\u00f3n con el del anterior. Este a\u00f1o nos esforzaremos entre todos para aumentar a\u00fan m\u00e1s la producci\u00f3n. Por otra parte, en el \u00e1rea adyacente a nuestra empresa ha comenzado la [&hellip;]<\/p>\n","protected":false},"author":1,"featured_media":369,"parent":1209,"menu_order":1,"comment_status":"closed","ping_status":"closed","template":"","meta":{"_acf_changed":false,"_locale":"es_ES","_original_post":"https:\/\/sankyomeat.co.jp\/?page_id=32","footnotes":""},"class_list":{"0":"post-1211","1":"page","2":"type-page","3":"status-publish","4":"has-post-thumbnail","6":"es-ES"},"acf":[],"aioseo_notices":[],"jetpack_sharing_enabled":true,"_links":{"self":[{"href":"https:\/\/sankyomeat.co.jp\/wp-json\/wp\/v2\/pages\/1211","targetHints":{"allow":["GET"]}}],"collection":[{"href":"https:\/\/sankyomeat.co.jp\/wp-json\/wp\/v2\/pages"}],"about":[{"href":"https:\/\/sankyomeat.co.jp\/wp-json\/wp\/v2\/types\/page"}],"author":[{"embeddable":true,"href":"https:\/\/sankyomeat.co.jp\/wp-json\/wp\/v2\/users\/1"}],"replies":[{"embeddable":true,"href":"https:\/\/sankyomeat.co.jp\/wp-json\/wp\/v2\/comments?post=1211"}],"version-history":[{"count":2,"href":"https:\/\/sankyomeat.co.jp\/wp-json\/wp\/v2\/pages\/1211\/revisions"}],"predecessor-version":[{"id":1902,"href":"https:\/\/sankyomeat.co.jp\/wp-json\/wp\/v2\/pages\/1211\/revisions\/1902"}],"up":[{"embeddable":true,"href":"https:\/\/sankyomeat.co.jp\/wp-json\/wp\/v2\/pages\/1209"}],"wp:featuredmedia":[{"embeddable":true,"href":"https:\/\/sankyomeat.co.jp\/wp-json\/wp\/v2\/media\/369"}],"wp:attachment":[{"href":"https:\/\/sankyomeat.co.jp\/wp-json\/wp\/v2\/media?parent=1211"}],"curies":[{"name":"wp","href":"https:\/\/api.w.org\/{rel}","templated":true}]}}