{"id":1213,"date":"2021-03-12T16:30:19","date_gmt":"2021-03-12T07:30:19","guid":{"rendered":"https:\/\/sankyomeat.co.jp\/?page_id=1213"},"modified":"2021-12-15T16:17:29","modified_gmt":"2021-12-15T07:17:29","slug":"company-profile","status":"publish","type":"page","link":"https:\/\/sankyomeat.co.jp\/es\/company\/company-profile\/","title":{"rendered":"Perfil de la empresa"},"content":{"rendered":"\n<p>SANKYOMEAT INC., fue creada en septiembre de 1981 como una filial de propiedad integral de Itoham Foods Inc.<br>Nos dedicamos al procesamiento c\u00e1rnico, sacrificando y cortando ganado vacuno y porcino para proveer de carnes listas para preparar a almacenes, supermercados y carnicer\u00edas a nivel nacional a trav\u00e9s de Itoham Foods Inc.<\/p>\n\n\n\n<figure class=\"wp-block-table\"><table><tbody><tr><th>Nombre de la empresa<\/th><td>SANKYOMEAT INC.<\/td><\/tr><tr><th>Ubicaci\u00f3n<\/th><td>6965 Noikura, Ariake-cho, Shibushi-shi, Kagoshima 899-7402 <a href=\"https:\/\/goo.gl\/maps\/fsbcCke1Ggrvu5PVA\" target=\"_blank\" rel=\"noreferrer noopener\">(Mapa)<\/a><\/td><\/tr><tr><th>TEL<\/th><td>+81-99-474-1118<\/td><\/tr><tr><th>FAX<\/th><td>+81-99-474-1117<\/td><\/tr><tr><th>Presidente y director representante<\/th><td>Toru KIJIMA<\/td><\/tr><tr><th>Fundaci\u00f3n<\/th><td>22 de septiembre de 1981<\/td><\/tr><tr><th>Capital<\/th><td>230 millones de yenes<\/td><\/tr><tr><th>Accionistas<\/th><td>Itoham Foods Inc. \u2013 100%<\/td><\/tr><tr><th>Volumen de ventas<\/th><td>52,1 mil millones de yenes (resultados del AF 2019)<\/td><\/tr><tr><th>N\u00famero de empleados<\/th><td>482 (a finales de marzo de 2020)<\/td><\/tr><tr><th>Actividades<\/th><td>\u30fbSacrificio y procesamiento de carne vacuna<br>\u30fbSacrificio y procesamiento de carne porcina<br>\u30fbProducci\u00f3n de productos c\u00e1rnicos procesados<\/td><\/tr><tr><th>Principal cliente<\/th><td>Itoham Foods Inc.<\/td><\/tr><tr><th>Principales bancos<\/th><td>Banco de Kagoshima, Banco de Miyazaki, Nishi-Nippon City Bank<\/td><\/tr><tr><th>Otros<\/th><td>\u30fbISO14001 (sistema de gesti\u00f3n ambiental)<br>\u30fbISO22000 (sistema de gesti\u00f3n de seguridad alimentaria)<br>\u30fbPlanta de procesamiento c\u00e1rnico de exportaci\u00f3n (exportando a 48 pa\u00edses y regiones)<br>\u30fbObtenci\u00f3n de Calificaci\u00f3n Ambiental del Banco de Kagoshima (\u00abKagin\u00bb) y ganadores del Premio a la Excelencia en Gesti\u00f3n de Energ\u00eda en F\u00e1bricas<\/td><\/tr><\/tbody><\/table><\/figure>\n\n\n\n<p><\/p>\n","protected":false},"excerpt":{"rendered":"<p>SANKYOMEAT INC., fue creada en septiembre de 1981 como una filial de propiedad integral de Itoham Foods Inc.Nos dedicamos al procesamiento c\u00e1rnico, sacrificando y cortando ganado vacuno y porcino para proveer de carnes listas para preparar a almacenes, supermercados y carnicer\u00edas a nivel nacional a trav\u00e9s de Itoham Foods Inc. Nombre de la empresa SANKYOMEAT INC. Ubicaci\u00f3n 6965 Noikura, Ariake-cho, Shibushi-shi, Kagoshima 899-7402 (Mapa) TEL +81-99-474-1118 FAX +81-99-474-1117 Presidente y director representante Toru KIJIMA Fundaci\u00f3n 22 de septiembre de 1981 Capital 230 millones de yenes Accionistas Itoham Foods Inc. \u2013 100% Volumen de ventas 52,1 mil millones de yenes (resultados del AF 2019) N\u00famero de empleados 482 (a finales de marzo de 2020) Actividades \u30fbSacrificio y procesamiento de carne vacuna\u30fbSacrificio y procesamiento de carne porcina\u30fbProducci\u00f3n de productos c\u00e1rnicos procesados Principal cliente Itoham Foods Inc. Principales bancos Banco de Kagoshima, Banco de Miyazaki, Nishi-Nippon City Bank Otros \u30fbISO14001 (sistema de gesti\u00f3n ambiental)\u30fbISO22000 (sistema de gesti\u00f3n de seguridad alimentaria)\u30fbPlanta de procesamiento c\u00e1rnico de exportaci\u00f3n (exportando a 48 pa\u00edses y regiones)\u30fbObtenci\u00f3n de Calificaci\u00f3n Ambiental del Banco de Kagoshima (\u00abKagin\u00bb) y ganadores del Premio a la Excelencia en Gesti\u00f3n de Energ\u00eda en F\u00e1bricas<\/p>\n","protected":false},"author":1,"featured_media":117,"parent":1209,"menu_order":2,"comment_status":"closed","ping_status":"closed","template":"","meta":{"_acf_changed":false,"_locale":"es_ES","_original_post":"https:\/\/sankyomeat.co.jp\/?page_id=145","footnotes":""},"class_list":{"0":"post-1213","1":"page","2":"type-page","3":"status-publish","4":"has-post-thumbnail","6":"es-ES"},"acf":[],"aioseo_notices":[],"jetpack_sharing_enabled":true,"_links":{"self":[{"href":"https:\/\/sankyomeat.co.jp\/wp-json\/wp\/v2\/pages\/1213","targetHints":{"allow":["GET"]}}],"collection":[{"href":"https:\/\/sankyomeat.co.jp\/wp-json\/wp\/v2\/pages"}],"about":[{"href":"https:\/\/sankyomeat.co.jp\/wp-json\/wp\/v2\/types\/page"}],"author":[{"embeddable":true,"href":"https:\/\/sankyomeat.co.jp\/wp-json\/wp\/v2\/users\/1"}],"replies":[{"embeddable":true,"href":"https:\/\/sankyomeat.co.jp\/wp-json\/wp\/v2\/comments?post=1213"}],"version-history":[{"count":4,"href":"https:\/\/sankyomeat.co.jp\/wp-json\/wp\/v2\/pages\/1213\/revisions"}],"predecessor-version":[{"id":1803,"href":"https:\/\/sankyomeat.co.jp\/wp-json\/wp\/v2\/pages\/1213\/revisions\/1803"}],"up":[{"embeddable":true,"href":"https:\/\/sankyomeat.co.jp\/wp-json\/wp\/v2\/pages\/1209"}],"wp:featuredmedia":[{"embeddable":true,"href":"https:\/\/sankyomeat.co.jp\/wp-json\/wp\/v2\/media\/117"}],"wp:attachment":[{"href":"https:\/\/sankyomeat.co.jp\/wp-json\/wp\/v2\/media?parent=1213"}],"curies":[{"name":"wp","href":"https:\/\/api.w.org\/{rel}","templated":true}]}}