{"id":1215,"date":"2021-03-12T18:32:35","date_gmt":"2021-03-12T09:32:35","guid":{"rendered":"https:\/\/sankyomeat.co.jp\/?page_id=1215"},"modified":"2021-03-12T18:32:37","modified_gmt":"2021-03-12T09:32:37","slug":"history","status":"publish","type":"page","link":"https:\/\/sankyomeat.co.jp\/es\/company\/history\/","title":{"rendered":"Historia"},"content":{"rendered":"\n<div class=\"wp-block-group\"><div class=\"wp-block-group__inner-container is-layout-flow wp-block-group-is-layout-flow\">\n<figure class=\"wp-block-table history-table is-style-stripes\"><table><tbody><tr><th class=\"has-text-align-center\" data-align=\"center\">Septiembre de 1981<\/th><td>Fundada como miembro del Grupo Itoham Foods<\/td><\/tr><tr><th class=\"has-text-align-center\" data-align=\"center\">Abril de 1998<\/th><td>La planta bovina de Ariake adopta el sistema HACCP del USDA para la gesti\u00f3n de procesos<\/td><\/tr><tr><th class=\"has-text-align-center\" data-align=\"center\">Diciembre de 2002<\/th><td>Certificaci\u00f3n de instalaciones de procesamiento de carne de res (Ariake) para exportaci\u00f3n a EE. UU.<\/td><\/tr><tr><th class=\"has-text-align-center\" data-align=\"center\">Diciembre de 2005<\/th><td>La planta de carne de Ariake obtiene la certificaci\u00f3n ISO22000, norma internacional para sistemas de gesti\u00f3n de seguridad alimentaria (planta de carne de Kirishima: febrero de 2007).<br>Logramos la separaci\u00f3n completa de las instalaciones de tratamiento de aguas residuales de ganado vacuno y porcino y establecimos un sistema completo de tratamiento interno para tratar para los materiales de riesgo espec\u00edfico del ganado (MRE: incluyendo lodos).<\/td><\/tr><tr><th class=\"has-text-align-center\" data-align=\"center\">Abril de 2006<\/th><td>Certificaci\u00f3n de las instalaciones de procesamiento de carne de res (Ariake) para exportaci\u00f3n a Canad\u00e1<\/td><\/tr><tr><th class=\"has-text-align-center\" data-align=\"center\">Mayo de 2006<\/th><td>Inicia la exportaci\u00f3n de carne Wagyu \u00abSatsuma Kuroushi\u00bb a los EE. UU. (Ariake)<\/td><\/tr><tr><th class=\"has-text-align-center\" data-align=\"center\">Febrero de 2007<\/th><td>Lanzamiento de la marca \u00abKagoshima Kurobuta: Kuro no Takumi\u00bb<\/td><\/tr><tr><th class=\"has-text-align-center\" data-align=\"center\">Marzo de 2007<\/th><td>Certificaci\u00f3n de las instalaciones de procesamiento de carne de res (Ariake) para exportaci\u00f3n a Hong Kong<\/td><\/tr><tr><th class=\"has-text-align-center\" data-align=\"center\">Mayo de 2007<\/th><td>Inicia la exportaci\u00f3n de carne de res (Ariake) a Hong Kong<\/td><\/tr><tr><th class=\"has-text-align-center\" data-align=\"center\">Agosto de 2007<\/th><td>Inicia la exportaci\u00f3n de carne de res (Ariake) a Canad\u00e1<\/td><\/tr><tr><th class=\"has-text-align-center\" data-align=\"center\">Mayo de 2009<\/th><td>Certificaci\u00f3n de las instalaciones de procesamiento de carne de res (Ariake) para exportaci\u00f3n a Singapur<br>Inicia la exportaci\u00f3n de carne de res (Ariake) a Singapur<\/td><\/tr><tr><th class=\"has-text-align-center\" data-align=\"center\">Octubre de 2009<\/th><td>Certificaci\u00f3n de las instalaciones de procesamiento de carne de res (Ariake) para exportaci\u00f3n a Macao<\/td><\/tr><tr><th class=\"has-text-align-center\" data-align=\"center\">Noviembre de 2009<\/th><td>Certificaci\u00f3n de las instalaciones de procesamiento de carne de res (Ariake) para exportaci\u00f3n a Tailandia<\/td><\/tr><tr><th class=\"has-text-align-center\" data-align=\"center\">Enero de 2010<\/th><td>Inicia la exportaci\u00f3n de carne de res (Ariake) a Tailandia<\/td><\/tr><tr><th class=\"has-text-align-center\" data-align=\"center\">Julio de 2010<\/th><td>Inicia la exportaci\u00f3n de carne de res (Ariake) a Macao<\/td><\/tr><tr><th class=\"has-text-align-center\" data-align=\"center\">Abril de 2012<\/th><td>Certificaci\u00f3n de las instalaciones de procesamiento de carne de cerdo (Ariake) para exportaci\u00f3n a Singapur<\/td><\/tr><tr><th class=\"has-text-align-center\" data-align=\"center\">Junio de 2012<\/th><td>Inicia la exportaci\u00f3n de carne de cerdo (Ariake) a Singapur<\/td><\/tr><tr><th class=\"has-text-align-center\" data-align=\"center\">Marzo de 2014<\/th><td>Apertura de las instalaciones de procesamiento bovino de la planta de carne de Kirishima<br>Certificaci\u00f3n de las instalaciones de procesamiento de carne de res (Ariake) y cerdo (Ariake y Kirishima) para exportaci\u00f3n a Vietnam<br>Certificaci\u00f3n de las instalaciones de procesamiento de carne de res (Ariake) para Nueva Zelanda<\/td><\/tr><tr><th class=\"has-text-align-center\" data-align=\"center\">Mayo de 2014<\/th><td>Inicia la exportaci\u00f3n de carne de res y cerdo (Ariake) a Vietnam<\/td><\/tr><tr><th class=\"has-text-align-center\" data-align=\"center\">Junio de 2014<\/th><td>Certificaci\u00f3n de las instalaciones de procesamiento de carne de res (Ariake) para exportaci\u00f3n a la UE<br>Inicia la exportaci\u00f3n de carne de res (Ariake) a Nueva Zelanda<\/td><\/tr><tr><th class=\"has-text-align-center\" data-align=\"center\">Diciembre de 2014<\/th><td>Certificaci\u00f3n de instalaciones de procesamiento de carne de res (Ariake) para exportaci\u00f3n a M\u00e9xico<\/td><\/tr><tr><th class=\"has-text-align-center\" data-align=\"center\">Enero de 2015<\/th><td>Certificaci\u00f3n de las instalaciones de procesamiento de carne de res (Kirishima) para Vietnam<\/td><\/tr><tr><th class=\"has-text-align-center\" data-align=\"center\">Diciembre de 2016<\/th><td>Certificaci\u00f3n de instalaciones de procesamiento de carne de res (Ariake) para Brasil<\/td><\/tr><tr><th class=\"has-text-align-center\" data-align=\"center\">Septiembre de 2017<\/th><td>Certificaci\u00f3n de las instalaciones de procesamiento de carne de res (Ariake y Kirishima) para Taiw\u00e1n<\/td><\/tr><tr><th class=\"has-text-align-center\" data-align=\"center\">Abril de 2018<\/th><td>La 1ra planta de carne de Ariake pasa a ser la planta porcina de Ariake<br>La 2da planta de carne de Ariake pasa a ser la planta bovina de Ariake<br>La f\u00e1brica de carne de Kirishima pasa a ser la planta de carne de Kirishima<\/td><\/tr><tr><th class=\"has-text-align-center\" data-align=\"center\">Junio de 2018<\/th><td>Certificaci\u00f3n de instalaciones de procesamiento de carne de res (Ariake) para Australia<\/td><\/tr><tr><th class=\"has-text-align-center\" data-align=\"center\">Junio de 2018<\/th><td>Certificaci\u00f3n de instalaciones de procesamiento de carne de res (Ariake) para Argentina<\/td><\/tr><tr><th class=\"has-text-align-center\" data-align=\"center\">Febrero de 2019<\/th><td>Certificaci\u00f3n de instalaciones de procesamiento de carne de res (Ariake) para Rusia<\/td><\/tr><tr><th class=\"has-text-align-center\" data-align=\"center\">Marzo de 2019<\/th><td>Certificaci\u00f3n de instalaciones de procesamiento de carne de res (Ariake) para Uruguay<\/td><\/tr><tr><td class=\"has-text-align-center\" data-align=\"center\"><strong>Abril de 2019<\/strong><\/td><td>Apertura de la \u00abl\u00ednea de sacrificio\u00bb en la planta porcina de Ariake<\/td><\/tr><tr><th class=\"has-text-align-center\" data-align=\"center\">Septiembre de 2019<\/th><td>Certificaci\u00f3n de las instalaciones de procesamiento de carne de cerdo (Ariake) para Tailandia<\/td><\/tr><\/tbody><\/table><\/figure>\n<\/div><\/div>\n","protected":false},"excerpt":{"rendered":"<p>Septiembre de 1981 Fundada como miembro del Grupo Itoham Foods Abril de 1998 La planta bovina de Ariake adopta el sistema HACCP del USDA para la gesti\u00f3n de procesos Diciembre de 2002 Certificaci\u00f3n de instalaciones de procesamiento de carne de res (Ariake) para exportaci\u00f3n a EE. UU. Diciembre de 2005 La planta de carne de Ariake obtiene la certificaci\u00f3n ISO22000, norma internacional para sistemas de gesti\u00f3n de seguridad alimentaria (planta de carne de Kirishima: febrero de 2007).Logramos la separaci\u00f3n completa de las instalaciones de tratamiento de aguas residuales de ganado vacuno y porcino y establecimos un sistema completo de tratamiento interno para tratar para los materiales de riesgo espec\u00edfico del ganado (MRE: incluyendo lodos). Abril de 2006 Certificaci\u00f3n de las instalaciones de procesamiento de carne de res (Ariake) para exportaci\u00f3n a Canad\u00e1 Mayo de 2006 Inicia la exportaci\u00f3n de carne Wagyu \u00abSatsuma Kuroushi\u00bb a los EE. UU. (Ariake) Febrero de 2007 Lanzamiento de la marca \u00abKagoshima Kurobuta: Kuro no Takumi\u00bb Marzo de 2007 Certificaci\u00f3n de las instalaciones de procesamiento de carne de res (Ariake) para exportaci\u00f3n a Hong Kong Mayo de 2007 Inicia la exportaci\u00f3n de carne de res (Ariake) a Hong Kong Agosto de 2007 Inicia la exportaci\u00f3n de carne de res (Ariake) a Canad\u00e1 Mayo de 2009 Certificaci\u00f3n de las instalaciones de procesamiento de carne de res (Ariake) [&hellip;]<\/p>\n","protected":false},"author":1,"featured_media":368,"parent":1209,"menu_order":2,"comment_status":"closed","ping_status":"closed","template":"","meta":{"_acf_changed":false,"_locale":"es_ES","_original_post":"https:\/\/sankyomeat.co.jp\/?page_id=34","footnotes":""},"class_list":{"0":"post-1215","1":"page","2":"type-page","3":"status-publish","4":"has-post-thumbnail","6":"es-ES"},"acf":[],"aioseo_notices":[],"jetpack_sharing_enabled":true,"_links":{"self":[{"href":"https:\/\/sankyomeat.co.jp\/wp-json\/wp\/v2\/pages\/1215","targetHints":{"allow":["GET"]}}],"collection":[{"href":"https:\/\/sankyomeat.co.jp\/wp-json\/wp\/v2\/pages"}],"about":[{"href":"https:\/\/sankyomeat.co.jp\/wp-json\/wp\/v2\/types\/page"}],"author":[{"embeddable":true,"href":"https:\/\/sankyomeat.co.jp\/wp-json\/wp\/v2\/users\/1"}],"replies":[{"embeddable":true,"href":"https:\/\/sankyomeat.co.jp\/wp-json\/wp\/v2\/comments?post=1215"}],"version-history":[{"count":1,"href":"https:\/\/sankyomeat.co.jp\/wp-json\/wp\/v2\/pages\/1215\/revisions"}],"predecessor-version":[{"id":1377,"href":"https:\/\/sankyomeat.co.jp\/wp-json\/wp\/v2\/pages\/1215\/revisions\/1377"}],"up":[{"embeddable":true,"href":"https:\/\/sankyomeat.co.jp\/wp-json\/wp\/v2\/pages\/1209"}],"wp:featuredmedia":[{"embeddable":true,"href":"https:\/\/sankyomeat.co.jp\/wp-json\/wp\/v2\/media\/368"}],"wp:attachment":[{"href":"https:\/\/sankyomeat.co.jp\/wp-json\/wp\/v2\/media?parent=1215"}],"curies":[{"name":"wp","href":"https:\/\/api.w.org\/{rel}","templated":true}]}}