{"id":1221,"date":"2021-03-15T12:00:57","date_gmt":"2021-03-15T03:00:57","guid":{"rendered":"https:\/\/sankyomeat.co.jp\/?page_id=1221"},"modified":"2021-03-15T14:12:01","modified_gmt":"2021-03-15T05:12:01","slug":"form","status":"publish","type":"page","link":"https:\/\/sankyomeat.co.jp\/es\/contact\/form\/","title":{"rendered":"Consultas"},"content":{"rendered":"\n<p>Para consultas o sugerencias a SANKYOMEAT INC., comun\u00edquese con nosotros por tel\u00e9fono, fax o a trav\u00e9s del siguiente formulario de consulta. Con gusto lo atenderemos.<\/p>\n\n\n\n<p class=\"has-background\" style=\"background-color:#f2f2f2\">6965 Noikura, Ariake-cho, Shibushi-shi, Kagoshima 899-7402<br><span class=\"btn-gray\">FAX<\/span>: +81-99-474-1117<\/p>\n\n\n\n<div style=\"height:30px\" aria-hidden=\"true\" class=\"wp-block-spacer\"><\/div>\n\n\n\n<hr class=\"wp-block-separator\"\/>\n\n\n<p>[mwform_formkey key=\u00bb403&#8243;]<\/p>\n","protected":false},"excerpt":{"rendered":"<p>Para consultas o sugerencias a SANKYOMEAT INC., comun\u00edquese con nosotros por tel\u00e9fono, fax o a trav\u00e9s del siguiente formulario de consulta. Con gusto lo atenderemos. 6965 Noikura, Ariake-cho, Shibushi-shi, Kagoshima 899-7402FAX: +81-99-474-1117<\/p>\n","protected":false},"author":1,"featured_media":371,"parent":1220,"menu_order":0,"comment_status":"closed","ping_status":"closed","template":"","meta":{"_acf_changed":false,"_locale":"es_ES","_original_post":"https:\/\/sankyomeat.co.jp\/?page_id=357","footnotes":""},"class_list":{"0":"post-1221","1":"page","2":"type-page","3":"status-publish","4":"has-post-thumbnail","6":"es-ES"},"acf":[],"aioseo_notices":[],"jetpack_sharing_enabled":true,"_links":{"self":[{"href":"https:\/\/sankyomeat.co.jp\/wp-json\/wp\/v2\/pages\/1221","targetHints":{"allow":["GET"]}}],"collection":[{"href":"https:\/\/sankyomeat.co.jp\/wp-json\/wp\/v2\/pages"}],"about":[{"href":"https:\/\/sankyomeat.co.jp\/wp-json\/wp\/v2\/types\/page"}],"author":[{"embeddable":true,"href":"https:\/\/sankyomeat.co.jp\/wp-json\/wp\/v2\/users\/1"}],"replies":[{"embeddable":true,"href":"https:\/\/sankyomeat.co.jp\/wp-json\/wp\/v2\/comments?post=1221"}],"version-history":[{"count":4,"href":"https:\/\/sankyomeat.co.jp\/wp-json\/wp\/v2\/pages\/1221\/revisions"}],"predecessor-version":[{"id":1396,"href":"https:\/\/sankyomeat.co.jp\/wp-json\/wp\/v2\/pages\/1221\/revisions\/1396"}],"up":[{"embeddable":true,"href":"https:\/\/sankyomeat.co.jp\/wp-json\/wp\/v2\/pages\/1220"}],"wp:featuredmedia":[{"embeddable":true,"href":"https:\/\/sankyomeat.co.jp\/wp-json\/wp\/v2\/media\/371"}],"wp:attachment":[{"href":"https:\/\/sankyomeat.co.jp\/wp-json\/wp\/v2\/media?parent=1221"}],"curies":[{"name":"wp","href":"https:\/\/api.w.org\/{rel}","templated":true}]}}