{"id":1223,"date":"2021-03-15T13:56:27","date_gmt":"2021-03-15T04:56:27","guid":{"rendered":"https:\/\/sankyomeat.co.jp\/?page_id=1223"},"modified":"2021-03-15T13:56:30","modified_gmt":"2021-03-15T04:56:30","slug":"privacy-policy","status":"publish","type":"page","link":"https:\/\/sankyomeat.co.jp\/es\/contact\/privacy-policy\/","title":{"rendered":"Pol\u00edtica de Protecci\u00f3n de la Informaci\u00f3n Personal"},"content":{"rendered":"\n<p>SANKYOMEAT INC., reconoce la importancia de proteger la informaci\u00f3n personal y cumplir con las leyes y regulaciones, considerando que es nuestra responsabilidad social proteger la informaci\u00f3n personal del cliente con el m\u00e1ximo cuidado. Por ello establecimos una Pol\u00edtica de Protecci\u00f3n de la Informaci\u00f3n Personal, la cual respetaremos para garantizar la seguridad de la informaci\u00f3n personal y brindar tranquilidad a nuestros clientes.<\/p>\n\n\n\n<h2 class=\"wp-block-heading\">Definici\u00f3n de informaci\u00f3n personal<\/h2>\n\n\n\n<p>La \u00abinformaci\u00f3n personal\u00bb es la informaci\u00f3n perteneciente a individuos vivos, que permite la identificaci\u00f3n de individuos espec\u00edficos por nombre, fecha de nacimiento u otras descripciones, ya sea por s\u00ed misma, o f\u00e1cilmente si se combina con otra informaci\u00f3n.<\/p>\n\n\n\n<h2 class=\"wp-block-heading\">Recopilaci\u00f3n de informaci\u00f3n personal<\/h2>\n\n\n\n<p>Podr\u00edamos recopilar su informaci\u00f3n personal si realiza consultas por tel\u00e9fono, a trav\u00e9s del formulario web u otros medios. La recopilaci\u00f3n se realizar\u00e1 por medios legales y justos, previa especificaci\u00f3n del prop\u00f3sito de uso.<\/p>\n\n\n\n<p>Esta es la informaci\u00f3n personal que podr\u00edamos recopilar:<\/p>\n\n\n\n<ul class=\"wp-block-list\"><li>Nombre<\/li><li>Direcci\u00f3n de correo electr\u00f3nico<\/li><li>Informaci\u00f3n que puede ser combinada con la anterior para identificar a un individuo espec\u00edfico<br>\u00a0<\/li><\/ul>\n\n\n\n<h2 class=\"wp-block-heading\">Prop\u00f3sito de uso de informaci\u00f3n personal<\/h2>\n\n\n\n<p>La informaci\u00f3n personal que nos sea confiada ser\u00e1 utilizada para el siguiente prop\u00f3sito:<\/p>\n\n\n\n<ul class=\"wp-block-list\"><li>Como referencia para responder a consultas<\/li><\/ul>\n\n\n\n<h2 class=\"wp-block-heading\">Divulgaci\u00f3n de informaci\u00f3n personal a terceros<\/h2>\n\n\n\n<p>No divulgaremos ni proporcionaremos informaci\u00f3n personal a terceros sin el consentimiento del cliente, excepto en los siguientes casos:<\/p>\n\n\n\n<ul class=\"wp-block-list\"><li>Cuando lo exija la ley, o cuando sea necesario cooperar con una instituci\u00f3n nacional u organismo p\u00fablico local, o una persona delegada por alguno de ellos, en la realizaci\u00f3n de asuntos estipulados por ley.<\/li><li>Si es necesario para proteger la vida, la integridad f\u00edsica o los bienes de una persona, pero es dif\u00edcil obtener el consentimiento del titular.<\/li><li>Al intercambiar informaci\u00f3n personal con una empresa afiliada a nuestra empresa matriz.<\/li><\/ul>\n\n\n\n<h2 class=\"wp-block-heading\">Gesti\u00f3n de seguridad de la informaci\u00f3n personal<\/h2>\n\n\n\n<p>Para gestionar adecuadamente la informaci\u00f3n personal confiada por nuestros clientes, hemos nombrado a un responsable de gesti\u00f3n de la informaci\u00f3n personal. Adem\u00e1s, implementaremos medidas para evitar la filtraci\u00f3n externa de informaci\u00f3n personal.<\/p>\n\n\n\n<h2 class=\"wp-block-heading\">Acerca del uso de cookies<\/h2>\n\n\n\n<p>Podr\u00edamos utilizar cookies para brindarle un mejor servicio, pero ello no nos permite recopilar informaci\u00f3n que permita identificar a un individuo, ni infringe su privacidad.<br>Si no desea aceptar cookies, puede desactivarlas desde la configuraci\u00f3n de su navegador.<br>*Las cookies son informaci\u00f3n enviada del servidor web a su navegador y son almacenadas en el disco duro de su ordenador.<\/p>\n\n\n\n<h2 class=\"wp-block-heading\">Acerca del an\u00e1lisis de acceso<\/h2>\n\n\n\n<p>Esto sitio usa Google Analytics, un servicio de Google Inc., para ayudarnos a comprender y analizar el estado de uso del sitio y as\u00ed brindar servicios que se ajusten m\u00e1s a los intereses y necesidades del cliente con el fin de mejorar su conveniencia y la facilidad de uso del sitio.<br>Google Analytics utiliza cookies para analizar su historial de visitas a este sitio.<br>Estos datos se recopilan de forma an\u00f3nima y no permiten la identificaci\u00f3n de un individuo espec\u00edfico.<br><br>Revise lo siguiente para saber c\u00f3mo Google Inc. recopila y usa su informaci\u00f3n de acceso y conocer su pol\u00edtica de privacidad. Google Inc. gestiona dicha informaci\u00f3n en base a su pol\u00edtica de privacidad.<br><br><a rel=\"noreferrer noopener\" target=\"_blank\" href=\"https:\/\/www.google.com\/analytics\/terms\/jp.html\">Condiciones de servicio de Google Analytics<\/a><br><a rel=\"noreferrer noopener\" target=\"_blank\" href=\"https:\/\/www.google.com\/intl\/ja\/policies\/privacy\/\">Pol\u00edtica de privacidad de Google<\/a><br>Al utilizar este sitio, se considera que el usuario ha otorgado permiso para el procesamiento de datos realizado por Google Inc., y el administrador del sitio para los m\u00e9todos y prop\u00f3sitos anteriores.<br><br>Esta funci\u00f3n se puede rechazar desactivando las cookies. Para ello puede verificar la configuraci\u00f3n de su navegador o descargar e instalar el \u00abcomplemento de inhabilitaci\u00f3n para navegadores de Google Analytics\u00bb indicado a continuaci\u00f3n:<br><a rel=\"noreferrer noopener\" target=\"_blank\" href=\"https:\/\/tools.google.com\/dlpage\/gaoptout?hl=ja\">Complemento de inhabilitaci\u00f3n para navegadores de Google Analytics<\/a><\/p>\n\n\n\n<h2 class=\"wp-block-heading\">Correcci\u00f3n y eliminaci\u00f3n de informaci\u00f3n personal<\/h2>\n\n\n\n<p>Si desea que se corrija o elimine la informaci\u00f3n personal que ha confiado, cont\u00e1ctenos por los siguientes medios.<\/p>\n\n\n\n<h2 class=\"wp-block-heading\">Informaci\u00f3n de contacto<\/h2>\n\n\n\n<p>Direcci\u00f3n: 6965 Noikura, Ariake-cho, Shibushi-shi, Kagoshima 899-7402<br>Tel: +81-99-474-1118<br>Departamento a cargo: Secci\u00f3n de RR.HH. y Asuntos Generales<br>Consultas por correo electr\u00f3nico: tetsuya.kawabata@itoham.co.jp<\/p>\n\n\n\n<h2 class=\"wp-block-heading\">Cambios en la pol\u00edtica de protecci\u00f3n de datos personales<\/h2>\n\n\n\n<p>Si hay cambios en la forma de obtenci\u00f3n, alcance, prop\u00f3sito de uso, etc., de la informaci\u00f3n personal del cliente, los publicaremos en el sitio web y le comunicaremos la informaci\u00f3n m\u00e1s reciente.<\/p>\n","protected":false},"excerpt":{"rendered":"<p>SANKYOMEAT INC., reconoce la importancia de proteger la informaci\u00f3n personal y cumplir con las leyes y regulaciones, considerando que es nuestra responsabilidad social proteger la informaci\u00f3n personal del cliente con el m\u00e1ximo cuidado. Por ello establecimos una Pol\u00edtica de Protecci\u00f3n de la Informaci\u00f3n Personal, la cual respetaremos para garantizar la seguridad de la informaci\u00f3n personal y brindar tranquilidad a nuestros clientes. Definici\u00f3n de informaci\u00f3n personal La \u00abinformaci\u00f3n personal\u00bb es la informaci\u00f3n perteneciente a individuos vivos, que permite la identificaci\u00f3n de individuos espec\u00edficos por nombre, fecha de nacimiento u otras descripciones, ya sea por s\u00ed misma, o f\u00e1cilmente si se combina con otra informaci\u00f3n. Recopilaci\u00f3n de informaci\u00f3n personal Podr\u00edamos recopilar su informaci\u00f3n personal si realiza consultas por tel\u00e9fono, a trav\u00e9s del formulario web u otros medios. La recopilaci\u00f3n se realizar\u00e1 por medios legales y justos, previa especificaci\u00f3n del prop\u00f3sito de uso. Esta es la informaci\u00f3n personal que podr\u00edamos recopilar: Nombre Direcci\u00f3n de correo electr\u00f3nico Informaci\u00f3n que puede ser combinada con la anterior para identificar a un individuo espec\u00edfico\u00a0 Prop\u00f3sito de uso de informaci\u00f3n personal La informaci\u00f3n personal que nos sea confiada ser\u00e1 utilizada para el siguiente prop\u00f3sito: Como referencia para responder a consultas Divulgaci\u00f3n de informaci\u00f3n personal a terceros No divulgaremos ni proporcionaremos informaci\u00f3n personal a terceros sin el consentimiento del cliente, excepto en los siguientes casos: Cuando lo exija la [&hellip;]<\/p>\n","protected":false},"author":1,"featured_media":372,"parent":1220,"menu_order":2,"comment_status":"closed","ping_status":"closed","template":"","meta":{"_acf_changed":false,"_locale":"es_ES","_original_post":"https:\/\/sankyomeat.co.jp\/?page_id=3","footnotes":""},"class_list":{"0":"post-1223","1":"page","2":"type-page","3":"status-publish","4":"has-post-thumbnail","6":"es-ES"},"acf":[],"aioseo_notices":[],"jetpack_sharing_enabled":true,"_links":{"self":[{"href":"https:\/\/sankyomeat.co.jp\/wp-json\/wp\/v2\/pages\/1223","targetHints":{"allow":["GET"]}}],"collection":[{"href":"https:\/\/sankyomeat.co.jp\/wp-json\/wp\/v2\/pages"}],"about":[{"href":"https:\/\/sankyomeat.co.jp\/wp-json\/wp\/v2\/types\/page"}],"author":[{"embeddable":true,"href":"https:\/\/sankyomeat.co.jp\/wp-json\/wp\/v2\/users\/1"}],"replies":[{"embeddable":true,"href":"https:\/\/sankyomeat.co.jp\/wp-json\/wp\/v2\/comments?post=1223"}],"version-history":[{"count":1,"href":"https:\/\/sankyomeat.co.jp\/wp-json\/wp\/v2\/pages\/1223\/revisions"}],"predecessor-version":[{"id":1390,"href":"https:\/\/sankyomeat.co.jp\/wp-json\/wp\/v2\/pages\/1223\/revisions\/1390"}],"up":[{"embeddable":true,"href":"https:\/\/sankyomeat.co.jp\/wp-json\/wp\/v2\/pages\/1220"}],"wp:featuredmedia":[{"embeddable":true,"href":"https:\/\/sankyomeat.co.jp\/wp-json\/wp\/v2\/media\/372"}],"wp:attachment":[{"href":"https:\/\/sankyomeat.co.jp\/wp-json\/wp\/v2\/media?parent=1223"}],"curies":[{"name":"wp","href":"https:\/\/api.w.org\/{rel}","templated":true}]}}