{"id":1183,"date":"2021-03-04T16:15:16","date_gmt":"2021-03-04T07:15:16","guid":{"rendered":"https:\/\/sankyomeat.co.jp\/?page_id=1183"},"modified":"2021-03-17T18:23:04","modified_gmt":"2021-03-17T09:23:04","slug":"home-fr","status":"publish","type":"page","link":"https:\/\/sankyomeat.co.jp\/","title":{"rendered":"Accueil"},"content":{"rendered":"\n<h2 class=\"has-text-align-center wp-block-heading\">Le bon go\u00fbt, la s\u00e9curit\u00e9 et l&rsquo;environnement n&rsquo;ont pas de fronti\u00e8res.<\/h2>\n\n\n\n<p>SANKYOMEAT INC. est une filiale en propri\u00e9t\u00e9 exclusive d&rsquo;Itoham Foods Inc. Nous traitons des bovins et des porcs \u00e9lev\u00e9s dans la nature g\u00e9n\u00e9reuse du sud du Japon selon les normes internationales de contr\u00f4le de la qualit\u00e9 et de gestion de l&rsquo;hygi\u00e8ne. Nous livrons nos produits de mani\u00e8re s\u00fbre aux tables du monde entier.<\/p>\n","protected":false},"excerpt":{"rendered":"<p>Le bon go\u00fbt, la s\u00e9curit\u00e9 et l&rsquo;environnement n&rsquo;ont pas de fronti\u00e8res. SANKYOMEAT INC. est une filiale en propri\u00e9t\u00e9 exclusive d&rsquo;Itoham Foods Inc. Nous traitons des bovins et des porcs \u00e9lev\u00e9s dans la nature g\u00e9n\u00e9reuse du sud du Japon selon les normes internationales de contr\u00f4le de la qualit\u00e9 et de gestion de l&rsquo;hygi\u00e8ne. Nous livrons nos produits de mani\u00e8re s\u00fbre aux tables du monde entier.<\/p>\n","protected":false},"author":1,"featured_media":0,"parent":0,"menu_order":0,"comment_status":"closed","ping_status":"closed","template":"page-fr-front.php","meta":{"_acf_changed":false,"_locale":"fr_FR","_original_post":"https:\/\/sankyomeat.co.jp\/?page_id=2","footnotes":""},"class_list":{"0":"post-1183","1":"page","2":"type-page","3":"status-publish","5":"fr-FR"},"acf":[],"aioseo_notices":[],"jetpack_sharing_enabled":true,"_links":{"self":[{"href":"https:\/\/sankyomeat.co.jp\/wp-json\/wp\/v2\/pages\/1183","targetHints":{"allow":["GET"]}}],"collection":[{"href":"https:\/\/sankyomeat.co.jp\/wp-json\/wp\/v2\/pages"}],"about":[{"href":"https:\/\/sankyomeat.co.jp\/wp-json\/wp\/v2\/types\/page"}],"author":[{"embeddable":true,"href":"https:\/\/sankyomeat.co.jp\/wp-json\/wp\/v2\/users\/1"}],"replies":[{"embeddable":true,"href":"https:\/\/sankyomeat.co.jp\/wp-json\/wp\/v2\/comments?post=1183"}],"version-history":[{"count":3,"href":"https:\/\/sankyomeat.co.jp\/wp-json\/wp\/v2\/pages\/1183\/revisions"}],"predecessor-version":[{"id":1431,"href":"https:\/\/sankyomeat.co.jp\/wp-json\/wp\/v2\/pages\/1183\/revisions\/1431"}],"wp:attachment":[{"href":"https:\/\/sankyomeat.co.jp\/wp-json\/wp\/v2\/media?parent=1183"}],"curies":[{"name":"wp","href":"https:\/\/api.w.org\/{rel}","templated":true}]}}