{"id":1188,"date":"2021-03-04T16:24:46","date_gmt":"2021-03-04T07:24:46","guid":{"rendered":"https:\/\/sankyomeat.co.jp\/?page_id=1188"},"modified":"2021-03-17T11:50:52","modified_gmt":"2021-03-17T02:50:52","slug":"about","status":"publish","type":"page","link":"https:\/\/sankyomeat.co.jp\/fr\/business\/about\/","title":{"rendered":"Aper\u00e7u des activit\u00e9s"},"content":{"rendered":"\n<div class=\"wp-block-cover\" style=\"background-color:#804826;min-height:250px;aspect-ratio:unset;\"><img loading=\"lazy\" decoding=\"async\" width=\"1024\" height=\"683\" class=\"wp-block-cover__image-background wp-image-499\" alt=\"\" src=\"https:\/\/sankyomeat.co.jp\/wp-content\/uploads\/2020\/07\/\u30b9\u30e9\u30a4\u30c8\u3099\u30b7\u30e7\u30fc\u2460.jpg\" data-object-fit=\"cover\" srcset=\"https:\/\/sankyomeat.co.jp\/wp-content\/uploads\/2020\/07\/\u30b9\u30e9\u30a4\u30c8\u3099\u30b7\u30e7\u30fc\u2460.jpg 1024w, https:\/\/sankyomeat.co.jp\/wp-content\/uploads\/2020\/07\/\u30b9\u30e9\u30a4\u30c8\u3099\u30b7\u30e7\u30fc\u2460-300x200.jpg 300w, https:\/\/sankyomeat.co.jp\/wp-content\/uploads\/2020\/07\/\u30b9\u30e9\u30a4\u30c8\u3099\u30b7\u30e7\u30fc\u2460-768x512.jpg 768w\" sizes=\"auto, (max-width: 1024px) 100vw, 1024px\" \/><div class=\"wp-block-cover__inner-container is-layout-flow wp-block-cover-is-layout-flow\">\n<p class=\"has-background\" style=\"background-color:#fb7827\"><strong>SANKYOMEAT INC. a \u00e9t\u00e9 cr\u00e9\u00e9e en septembre 1981 en tant que filiale en propri\u00e9t\u00e9 exclusive d&rsquo;Itoham Foods Inc.<br>L&rsquo;entreprise g\u00e8re des activit\u00e9s de production de viande de b\u0153uf et de porc. Nous r\u00e9alisons des op\u00e9rations d&rsquo;abattage et de d\u00e9coupe, et fournissons de la viande aux grands magasins, supermarch\u00e9s et boucheries de tout le pays par l&rsquo;interm\u00e9diaire d&rsquo;Itoham Foods Inc.<\/strong><\/p>\n<\/div><\/div>\n\n\n\n<h2 class=\"wp-block-heading\">Processus de production de nos produits<\/h2>\n\n\n\n<div class=\"wp-block-columns is-layout-flex wp-container-core-columns-is-layout-9d6595d7 wp-block-columns-is-layout-flex\">\n<div class=\"wp-block-column is-layout-flow wp-block-column-is-layout-flow\" style=\"flex-basis:20%\">\n<div class=\"wp-block-image\"><figure class=\"aligncenter size-large\"><img loading=\"lazy\" decoding=\"async\" width=\"131\" height=\"136\" src=\"https:\/\/sankyomeat.co.jp\/wp-content\/uploads\/2020\/10\/flow01-en.png\" alt=\"\" class=\"wp-image-960\"\/><\/figure><\/div>\n<\/div>\n\n\n\n<div class=\"wp-block-column is-layout-flow wp-block-column-is-layout-flow\" style=\"flex-basis:90%\">\n<h3 class=\"wp-block-heading\">Les b\u0153ufs et les porcs sont \u00e9lev\u00e9s par des \u00e9leveurs affili\u00e9s.<\/h3>\n\n\n\n<p>La production et l\u2019engraissement des bovins et des porcs sont r\u00e9alis\u00e9s dans nos fermes affili\u00e9es.<\/p>\n<\/div>\n<\/div>\n\n\n\n<div class=\"wp-block-columns is-layout-flex wp-container-core-columns-is-layout-9d6595d7 wp-block-columns-is-layout-flex\">\n<div class=\"wp-block-column is-layout-flow wp-block-column-is-layout-flow\" style=\"flex-basis:20%\">\n<div class=\"wp-block-image\"><figure class=\"aligncenter size-large\"><img loading=\"lazy\" decoding=\"async\" width=\"109\" height=\"135\" src=\"https:\/\/sankyomeat.co.jp\/wp-content\/uploads\/2020\/10\/flow02-en.png\" alt=\"\" class=\"wp-image-961\"\/><\/figure><\/div>\n\n\n\n<p><\/p>\n<\/div>\n\n\n\n<div class=\"wp-block-column is-layout-flow wp-block-column-is-layout-flow\" style=\"flex-basis:90%\">\n<h3 class=\"wp-block-heading\">Apr\u00e8s abattage et transformation de la viande, la viande est exp\u00e9di\u00e9e (SANKYOMEAT INC.)<\/h3>\n\n\n\n<p>Apr\u00e8s abattage et d\u00e9coupe, la viande est exp\u00e9di\u00e9e aux centres de distribution d&rsquo;Itoham Foods Group.<\/p>\n\n\n\n<ul class=\"list-arrow wp-block-list\"><li><a href=\"https:\/\/sankyomeat.co.jp\/fr\/business\/beef\/\">Abattage des bovins et transformation de la viande<\/a><\/li><li><a href=\"https:\/\/sankyomeat.co.jp\/fr\/business\/pork\/\">Abattage des porcs et transformation de la viande<\/a><\/li><\/ul>\n<\/div>\n<\/div>\n\n\n\n<div class=\"wp-block-columns is-layout-flex wp-container-core-columns-is-layout-9d6595d7 wp-block-columns-is-layout-flex\">\n<div class=\"wp-block-column is-layout-flow wp-block-column-is-layout-flow\" style=\"flex-basis:20%\">\n<div class=\"wp-block-image\"><figure class=\"aligncenter size-large\"><img loading=\"lazy\" decoding=\"async\" width=\"112\" height=\"136\" src=\"https:\/\/sankyomeat.co.jp\/wp-content\/uploads\/2020\/10\/flow03-en.png\" alt=\"\" class=\"wp-image-962\"\/><\/figure><\/div>\n<\/div>\n\n\n\n<div class=\"wp-block-column is-layout-flow wp-block-column-is-layout-flow\" style=\"flex-basis:90%\">\n<h3 class=\"wp-block-heading\">La viande est transform\u00e9e en produits et exp\u00e9di\u00e9e aux point de vente dans tout le pays (Itoham Foods Inc.)<\/h3>\n\n\n\n<p>Envoi \u00e0 partir des centres de distribution aux bureaux de vente et aux centres d&rsquo;Itoham Foods Group localis\u00e9s dans tout le pays.<\/p>\n<\/div>\n<\/div>\n\n\n\n<div class=\"wp-block-columns is-layout-flex wp-container-core-columns-is-layout-9d6595d7 wp-block-columns-is-layout-flex\">\n<div class=\"wp-block-column is-layout-flow wp-block-column-is-layout-flow\" style=\"flex-basis:20%\">\n<div class=\"wp-block-image\"><figure class=\"aligncenter size-large\"><img loading=\"lazy\" decoding=\"async\" width=\"109\" height=\"109\" src=\"https:\/\/sankyomeat.co.jp\/wp-content\/uploads\/2020\/10\/flow04-en.png\" alt=\"\" class=\"wp-image-963\"\/><\/figure><\/div>\n\n\n\n<p><\/p>\n<\/div>\n\n\n\n<div class=\"wp-block-column is-layout-flow wp-block-column-is-layout-flow\" style=\"flex-basis:90%\">\n<h3 class=\"wp-block-heading\">Jusqu\u2019\u00e0 vos tables<\/h3>\n\n\n\n<p>Les produits sont livr\u00e9s de nos bureaux de vente locaux aux magasins r\u00e9partis dans tout le pays.<\/p>\n<\/div>\n<\/div>\n\n\n\n<h2 class=\"wp-block-heading\">D\u00e9veloppement \u00e0 l\u2019international<\/h2>\n\n\n\n<div class=\"wp-block-columns is-layout-flex wp-container-core-columns-is-layout-9d6595d7 wp-block-columns-is-layout-flex\">\n<div class=\"wp-block-column is-layout-flow wp-block-column-is-layout-flow\" style=\"flex-basis:55%\">\n<p>Nous sommes \u00e9galement engag\u00e9s dans la commercialisation de b\u0153ufs et de porcs \u00e0 l&rsquo;\u00e9tranger.<br>Divers crit\u00e8res sont requis concernant la gestion de l&rsquo;hygi\u00e8ne et les \u00e9quipements pour exp\u00e9dier des produits \u00e0 l&rsquo;\u00e9tranger. SANKYOMEAT INC. a install\u00e9 des \u00e9quipements avanc\u00e9s de l&rsquo;UE afin de r\u00e9pondre \u00e0 ces crit\u00e8res. Le b\u0153uf et le porc japonais au go\u00fbt savoureux sont livr\u00e9s vers l\u2019Europe et d\u2019autres pays du monde.<\/p>\n<\/div>\n\n\n\n<div class=\"wp-block-column is-layout-flow wp-block-column-is-layout-flow\" style=\"flex-basis:45%\">\n<div class=\"wp-block-image\"><figure class=\"aligncenter size-medium\"><img loading=\"lazy\" decoding=\"async\" width=\"300\" height=\"161\" src=\"https:\/\/sankyomeat.co.jp\/wp-content\/uploads\/2020\/06\/mapimage-300x161.png\" alt=\"\u6d77\u5916\u5c55\u958b\u30a4\u30e1\u30fc\u30b8\" class=\"wp-image-233\" srcset=\"https:\/\/sankyomeat.co.jp\/wp-content\/uploads\/2020\/06\/mapimage-300x161.png 300w, https:\/\/sankyomeat.co.jp\/wp-content\/uploads\/2020\/06\/mapimage.png 581w\" sizes=\"auto, (max-width: 300px) 100vw, 300px\" \/><\/figure><\/div>\n<\/div>\n<\/div>\n","protected":false},"excerpt":{"rendered":"<p>Processus de production de nos produits Les b\u0153ufs et les porcs sont \u00e9lev\u00e9s par des \u00e9leveurs affili\u00e9s. La production et l\u2019engraissement des bovins et des porcs sont r\u00e9alis\u00e9s dans nos fermes affili\u00e9es. Apr\u00e8s abattage et transformation de la viande, la viande est exp\u00e9di\u00e9e (SANKYOMEAT INC.) Apr\u00e8s abattage et d\u00e9coupe, la viande est exp\u00e9di\u00e9e aux centres de distribution d&rsquo;Itoham Foods Group. Abattage des bovins et transformation de la viande Abattage des porcs et transformation de la viande La viande est transform\u00e9e en produits et exp\u00e9di\u00e9e aux point de vente dans tout le pays (Itoham Foods Inc.) Envoi \u00e0 partir des centres de distribution aux bureaux de vente et aux centres d&rsquo;Itoham Foods Group localis\u00e9s dans tout le pays. Jusqu\u2019\u00e0 vos tables Les produits sont livr\u00e9s de nos bureaux de vente locaux aux magasins r\u00e9partis dans tout le pays. D\u00e9veloppement \u00e0 l\u2019international Nous sommes \u00e9galement engag\u00e9s dans la commercialisation de b\u0153ufs et de porcs \u00e0 l&rsquo;\u00e9tranger.Divers crit\u00e8res sont requis concernant la gestion de l&rsquo;hygi\u00e8ne et les \u00e9quipements pour exp\u00e9dier des produits \u00e0 l&rsquo;\u00e9tranger. SANKYOMEAT INC. a install\u00e9 des \u00e9quipements avanc\u00e9s de l&rsquo;UE afin de r\u00e9pondre \u00e0 ces crit\u00e8res. Le b\u0153uf et le porc japonais au go\u00fbt savoureux sont livr\u00e9s vers l\u2019Europe et d\u2019autres pays du monde.<\/p>\n","protected":false},"author":1,"featured_media":499,"parent":1186,"menu_order":0,"comment_status":"closed","ping_status":"closed","template":"","meta":{"_acf_changed":false,"_locale":"fr_FR","_original_post":"https:\/\/sankyomeat.co.jp\/?page_id=204","footnotes":""},"class_list":{"0":"post-1188","1":"page","2":"type-page","3":"status-publish","4":"has-post-thumbnail","6":"fr-FR"},"acf":[],"aioseo_notices":[],"jetpack_sharing_enabled":true,"_links":{"self":[{"href":"https:\/\/sankyomeat.co.jp\/wp-json\/wp\/v2\/pages\/1188","targetHints":{"allow":["GET"]}}],"collection":[{"href":"https:\/\/sankyomeat.co.jp\/wp-json\/wp\/v2\/pages"}],"about":[{"href":"https:\/\/sankyomeat.co.jp\/wp-json\/wp\/v2\/types\/page"}],"author":[{"embeddable":true,"href":"https:\/\/sankyomeat.co.jp\/wp-json\/wp\/v2\/users\/1"}],"replies":[{"embeddable":true,"href":"https:\/\/sankyomeat.co.jp\/wp-json\/wp\/v2\/comments?post=1188"}],"version-history":[{"count":8,"href":"https:\/\/sankyomeat.co.jp\/wp-json\/wp\/v2\/pages\/1188\/revisions"}],"predecessor-version":[{"id":1428,"href":"https:\/\/sankyomeat.co.jp\/wp-json\/wp\/v2\/pages\/1188\/revisions\/1428"}],"up":[{"embeddable":true,"href":"https:\/\/sankyomeat.co.jp\/wp-json\/wp\/v2\/pages\/1186"}],"wp:featuredmedia":[{"embeddable":true,"href":"https:\/\/sankyomeat.co.jp\/wp-json\/wp\/v2\/media\/499"}],"wp:attachment":[{"href":"https:\/\/sankyomeat.co.jp\/wp-json\/wp\/v2\/media?parent=1188"}],"curies":[{"name":"wp","href":"https:\/\/api.w.org\/{rel}","templated":true}]}}