{"id":1202,"date":"2021-03-04T17:06:00","date_gmt":"2021-03-04T08:06:00","guid":{"rendered":"https:\/\/sankyomeat.co.jp\/?page_id=1202"},"modified":"2021-03-10T19:51:04","modified_gmt":"2021-03-10T10:51:04","slug":"kirishima","status":"publish","type":"page","link":"https:\/\/sankyomeat.co.jp\/fr\/plant\/kirishima\/","title":{"rendered":"Usine de viande de Kirishima"},"content":{"rendered":"\n<figure class=\"wp-block-image size-large width100\"><img loading=\"lazy\" decoding=\"async\" width=\"900\" height=\"675\" src=\"https:\/\/sankyomeat.co.jp\/wp-content\/uploads\/2020\/06\/kirishima_meet_plant.jpg\" alt=\"\u9727\u5cf6\u30df\u30fc\u30c8\u30d7\u30e9\u30f3\u30c8\" class=\"wp-image-444\" srcset=\"https:\/\/sankyomeat.co.jp\/wp-content\/uploads\/2020\/06\/kirishima_meet_plant.jpg 900w, https:\/\/sankyomeat.co.jp\/wp-content\/uploads\/2020\/06\/kirishima_meet_plant-300x225.jpg 300w, https:\/\/sankyomeat.co.jp\/wp-content\/uploads\/2020\/06\/kirishima_meet_plant-768x576.jpg 768w\" sizes=\"auto, (max-width: 900px) 100vw, 900px\" \/><\/figure>\n\n\n\n<p>L&rsquo;usine de viande de Kirishima situ\u00e9e dans la ville de Kobayashi et pr\u00e9fecture de Miyazaki, g\u00e8re la transformation de la viande de l&rsquo;abattage \u00e0 la d\u00e9coupe pour les bovins et les porcs. L&rsquo;usine de d\u00e9coupe de b\u0153uf a \u00e9t\u00e9 r\u00e9cemment cr\u00e9\u00e9e dans le cadre du plan de gestion \u00e0 moyen terme d&rsquo;Itoham Foods Group afin d&rsquo;am\u00e9liorer et d&rsquo;augmenter la production de viande. Les op\u00e9rations y ont commenc\u00e9 en octobre 2014. Avec cette initiative, nous avons mis en place un syst\u00e8me d&rsquo;approvisionnement en viande bovine et porcine \u00e0 la fois depuis l&rsquo;usine principale de la pr\u00e9fecture de Kagoshima et celle de la pr\u00e9fecture de Miyazaki. L&rsquo;usine de Kirishima collecte \u00e9galement de la viande de la pr\u00e9fecture de Kumamoto.<br>Avec la nouvelle capacit\u00e9 de d\u00e9coupe du b\u0153uf, nous pouvons y traiter jusqu&rsquo;\u00e0 40 t\u00eates de bovin et 1 080 t\u00eates de porc par jour.<\/p>\n\n\n\n<h2 class=\"wp-block-heading\">Informations<\/h2>\n\n\n\n<div class=\"wp-block-columns is-layout-flex wp-container-core-columns-is-layout-9d6595d7 wp-block-columns-is-layout-flex\">\n<div class=\"wp-block-column is-layout-flow wp-block-column-is-layout-flow\">\n<figure class=\"wp-block-table\"><table><tbody><tr><th>Adresse<\/th><td>2516 Hosono, Kobayashi, Miyazaki 886-0004<\/td><\/tr><tr><th>TEL<\/th><td>+81-984-23-6129<\/td><\/tr><tr><th>FAX<\/th><td>+81-984-23-2540<\/td><\/tr><tr><th>Installations<\/th><td>\u30fbB\u00e2timent administratif<br>\u30fbInstallation de transformation de porc<br>\u30fbInstallation de transformation de b\u0153uf<\/td><\/tr><\/tbody><\/table><\/figure>\n\n\n\n<p><\/p>\n<\/div>\n\n\n\n<div class=\"wp-block-column is-layout-flow wp-block-column-is-layout-flow\">\n<iframe src=\"https:\/\/www.google.com\/maps\/embed?pb=!1m14!1m8!1m3!1d13537.527487415691!2d130.980415!3d31.977662!3m2!1i1024!2i768!4f13.1!3m3!1m2!1s0x353f3e403c946c65%3A0x19b2ec04ef571ffd!2s2516%20Hosono%2C%20Kobayashi%2C%20Miyazaki%20886-0004!5e0!3m2!1sfr!2sjp!4v1614845120512!5m2!1sfr!2sjp\" width=\"600\" height=\"300\" style=\"border:0;\" allowfullscreen=\"\" loading=\"lazy\"><\/iframe>\n<\/div>\n<\/div>\n","protected":false},"excerpt":{"rendered":"<p>L&rsquo;usine de viande de Kirishima situ\u00e9e dans la ville de Kobayashi et pr\u00e9fecture de Miyazaki, g\u00e8re la transformation de la viande de l&rsquo;abattage \u00e0 la d\u00e9coupe pour les bovins et les porcs. L&rsquo;usine de d\u00e9coupe de b\u0153uf a \u00e9t\u00e9 r\u00e9cemment cr\u00e9\u00e9e dans le cadre du plan de gestion \u00e0 moyen terme d&rsquo;Itoham Foods Group afin d&rsquo;am\u00e9liorer et d&rsquo;augmenter la production de viande. Les op\u00e9rations y ont commenc\u00e9 en octobre 2014. Avec cette initiative, nous avons mis en place un syst\u00e8me d&rsquo;approvisionnement en viande bovine et porcine \u00e0 la fois depuis l&rsquo;usine principale de la pr\u00e9fecture de Kagoshima et celle de la pr\u00e9fecture de Miyazaki. L&rsquo;usine de Kirishima collecte \u00e9galement de la viande de la pr\u00e9fecture de Kumamoto.Avec la nouvelle capacit\u00e9 de d\u00e9coupe du b\u0153uf, nous pouvons y traiter jusqu&rsquo;\u00e0 40 t\u00eates de bovin et 1 080 t\u00eates de porc par jour. Informations Adresse 2516 Hosono, Kobayashi, Miyazaki 886-0004 TEL +81-984-23-6129 FAX +81-984-23-2540 Installations \u30fbB\u00e2timent administratif\u30fbInstallation de transformation de porc\u30fbInstallation de transformation de b\u0153uf<\/p>\n","protected":false},"author":1,"featured_media":444,"parent":1196,"menu_order":3,"comment_status":"closed","ping_status":"closed","template":"","meta":{"_acf_changed":false,"_locale":"fr_FR","_original_post":"https:\/\/sankyomeat.co.jp\/?page_id=24","footnotes":""},"class_list":{"0":"post-1202","1":"page","2":"type-page","3":"status-publish","4":"has-post-thumbnail","6":"fr-FR"},"acf":[],"aioseo_notices":[],"jetpack_sharing_enabled":true,"_links":{"self":[{"href":"https:\/\/sankyomeat.co.jp\/wp-json\/wp\/v2\/pages\/1202","targetHints":{"allow":["GET"]}}],"collection":[{"href":"https:\/\/sankyomeat.co.jp\/wp-json\/wp\/v2\/pages"}],"about":[{"href":"https:\/\/sankyomeat.co.jp\/wp-json\/wp\/v2\/types\/page"}],"author":[{"embeddable":true,"href":"https:\/\/sankyomeat.co.jp\/wp-json\/wp\/v2\/users\/1"}],"replies":[{"embeddable":true,"href":"https:\/\/sankyomeat.co.jp\/wp-json\/wp\/v2\/comments?post=1202"}],"version-history":[{"count":1,"href":"https:\/\/sankyomeat.co.jp\/wp-json\/wp\/v2\/pages\/1202\/revisions"}],"predecessor-version":[{"id":1242,"href":"https:\/\/sankyomeat.co.jp\/wp-json\/wp\/v2\/pages\/1202\/revisions\/1242"}],"up":[{"embeddable":true,"href":"https:\/\/sankyomeat.co.jp\/wp-json\/wp\/v2\/pages\/1196"}],"wp:featuredmedia":[{"embeddable":true,"href":"https:\/\/sankyomeat.co.jp\/wp-json\/wp\/v2\/media\/444"}],"wp:attachment":[{"href":"https:\/\/sankyomeat.co.jp\/wp-json\/wp\/v2\/media?parent=1202"}],"curies":[{"name":"wp","href":"https:\/\/api.w.org\/{rel}","templated":true}]}}