{"id":1204,"date":"2021-03-04T17:07:14","date_gmt":"2021-03-04T08:07:14","guid":{"rendered":"https:\/\/sankyomeat.co.jp\/?page_id=1204"},"modified":"2021-03-10T19:51:17","modified_gmt":"2021-03-10T10:51:17","slug":"safety","status":"publish","type":"page","link":"https:\/\/sankyomeat.co.jp\/fr\/safety\/","title":{"rendered":"Initiatives de s\u00fbret\u00e9 et de s\u00e9curit\u00e9"},"content":{"rendered":"<div class=\"wp-block-advanced-posts-block-children \">\n\t    <div class=\"row\">\n        \t\t\t        <div class=\"col-sm-6\">\n          <article class=\"block-children-item\">\n    \t\t\t\t<a href=\"https:\/\/sankyomeat.co.jp\/fr\/safety\/efforts\/\">\n              <div class=\"block-children-img\">\n                <img loading=\"lazy\" decoding=\"async\" width=\"686\" height=\"490\" src=\"https:\/\/sankyomeat.co.jp\/wp-content\/uploads\/2020\/05\/s_anshin.jpg\" class=\"attachment-large size-large wp-post-image\" alt=\"\" srcset=\"https:\/\/sankyomeat.co.jp\/wp-content\/uploads\/2020\/05\/s_anshin.jpg 686w, https:\/\/sankyomeat.co.jp\/wp-content\/uploads\/2020\/05\/s_anshin-300x214.jpg 300w\" sizes=\"auto, (max-width: 686px) 100vw, 686px\" \/>              <\/div>\n              <h3 class=\"block-children-ttl\">Initiatives de s\u00fbret\u00e9 et de s\u00e9curit\u00e9<\/h3>\n            <\/a>\n    \t\t\t<\/article>\n        <\/div>\n\n  \t\t  \t\t\t        <div class=\"col-sm-6\">\n          <article class=\"block-children-item\">\n    \t\t\t\t<a href=\"https:\/\/sankyomeat.co.jp\/fr\/safety\/standard\/\">\n              <div class=\"block-children-img\">\n                <img loading=\"lazy\" decoding=\"async\" width=\"600\" height=\"400\" src=\"https:\/\/sankyomeat.co.jp\/wp-content\/uploads\/2020\/06\/world-01.jpg\" class=\"attachment-large size-large wp-post-image\" alt=\"\" srcset=\"https:\/\/sankyomeat.co.jp\/wp-content\/uploads\/2020\/06\/world-01.jpg 600w, https:\/\/sankyomeat.co.jp\/wp-content\/uploads\/2020\/06\/world-01-300x200.jpg 300w\" sizes=\"auto, (max-width: 600px) 100vw, 600px\" \/>              <\/div>\n              <h3 class=\"block-children-ttl\">Normes internationales et nationales<\/h3>\n            <\/a>\n    \t\t\t<\/article>\n        <\/div>\n\n  \t\t  \t\t    <\/div>\n\t<\/div>","protected":false},"excerpt":{"rendered":"","protected":false},"author":1,"featured_media":0,"parent":0,"menu_order":4,"comment_status":"closed","ping_status":"closed","template":"","meta":{"_acf_changed":false,"_locale":"fr_FR","_original_post":"https:\/\/sankyomeat.co.jp\/?page_id=26","footnotes":""},"class_list":{"0":"post-1204","1":"page","2":"type-page","3":"status-publish","5":"fr-FR"},"acf":[],"aioseo_notices":[],"jetpack_sharing_enabled":true,"_links":{"self":[{"href":"https:\/\/sankyomeat.co.jp\/wp-json\/wp\/v2\/pages\/1204","targetHints":{"allow":["GET"]}}],"collection":[{"href":"https:\/\/sankyomeat.co.jp\/wp-json\/wp\/v2\/pages"}],"about":[{"href":"https:\/\/sankyomeat.co.jp\/wp-json\/wp\/v2\/types\/page"}],"author":[{"embeddable":true,"href":"https:\/\/sankyomeat.co.jp\/wp-json\/wp\/v2\/users\/1"}],"replies":[{"embeddable":true,"href":"https:\/\/sankyomeat.co.jp\/wp-json\/wp\/v2\/comments?post=1204"}],"version-history":[{"count":1,"href":"https:\/\/sankyomeat.co.jp\/wp-json\/wp\/v2\/pages\/1204\/revisions"}],"predecessor-version":[{"id":1243,"href":"https:\/\/sankyomeat.co.jp\/wp-json\/wp\/v2\/pages\/1204\/revisions\/1243"}],"wp:attachment":[{"href":"https:\/\/sankyomeat.co.jp\/wp-json\/wp\/v2\/media?parent=1204"}],"curies":[{"name":"wp","href":"https:\/\/api.w.org\/{rel}","templated":true}]}}