{"id":1212,"date":"2022-04-01T08:00:00","date_gmt":"2022-03-31T23:00:00","guid":{"rendered":"https:\/\/sankyomeat.co.jp\/?page_id=1212"},"modified":"2022-04-05T18:25:08","modified_gmt":"2022-04-05T09:25:08","slug":"message","status":"publish","type":"page","link":"https:\/\/sankyomeat.co.jp\/fr\/company\/message\/","title":{"rendered":"Message du PDG"},"content":{"rendered":"\n<div class=\"wp-block-columns is-layout-flex wp-container-core-columns-is-layout-9d6595d7 wp-block-columns-is-layout-flex\">\n<div class=\"wp-block-column is-layout-flow wp-block-column-is-layout-flow\">\n<div class=\"wp-block-group\"><div class=\"wp-block-group__inner-container is-layout-flow wp-block-group-is-layout-flow\">\n<p>Merci beaucoup de visiter le nouveau site de SANKYOMEAT INC.<\/p>\n\n\n\n<p>R\u00e9cemment, en raison de l&rsquo;impact caus\u00e9 par la pand\u00e9mie de COVID-19, la consommation de viande au Japon et \u00e0 l&rsquo;\u00e9tranger a radicalement chang\u00e9. En tant qu\u2019entreprise leader de la production de viande au Japon, SANKYOMEAT INC., situ\u00e9e dans le sud du Japon, produit et fournit constamment du b\u0153uf et du porc dans les autres r\u00e9gions du Japon et dans divers pays du monde.<\/p>\n\n\n\n<p>Nous fournissons nos produits alimentaires pour les d\u00e9jeuners scolaires de la ville de Shibushi. De plus, les \u00e9coliers et les \u00e9l\u00e8ves de divers \u00e9tablissements de Kagoshima mangeront notre boeuf SANKYOMEAT INC dans le cadre du programme de repas scolaires propos\u00e9 par la pr\u00e9fecture de Kagoshima.<br>SANKYOMEAT INC. s&rsquo;engage \u00e0 continuer \u00e0 contribuer de diverses mani\u00e8res \u00e0 la communaut\u00e9 locale.<\/p>\n\n\n\n<p>En avril de l&rsquo;ann\u00e9e derni\u00e8re, nous avons introduit et mis en service des \u00e9quipements avanc\u00e9s. Ces \u00e9quipements int\u00e8grent une technologie europ\u00e9enne de pointe dans la transformation de la viande. Bien qu&rsquo;il y ait eu quelques difficult\u00e9s \u00e0 s&rsquo;habituer aux \u00e9quipements tr\u00e8s avanc\u00e9s au d\u00e9but, l&rsquo;usine a fonctionn\u00e9 sans probl\u00e8me gr\u00e2ce au travail d\u00e9vou\u00e9 des membres de notre \u00e9quipe.<\/p>\n\n\n\n<p>Par cons\u00e9quent, l&rsquo;ann\u00e9e derni\u00e8re, nous avons pu augmenter le nombre de bovins de pr\u00e8s de 20% par rapport \u00e0 l&rsquo;ann\u00e9e pr\u00e9c\u00e9dente. Cette ann\u00e9e, les membres de notre \u00e9quipe s&rsquo;engagent \u00e0 tout mettre en \u0153uvre pour augmenter encore le volume de production.<\/p>\n\n\n\n<p>Dans une zone adjacente \u00e0 notre entreprise, les nouveaux travaux de construction du centre logistique Minami Kyushu ont commenc\u00e9. Ce centre int\u00e9grera Kyushu Extract Company, qui produit des extraits de viande, et apporte ainsi une valeur ajout\u00e9e aux ressources d&rsquo;\u00e9levage locales, ainsi que Fukuoka Unyu Company, qui a r\u00e9volutionn\u00e9 la logistique dans le sud du Japon.<\/p>\n\n\n\n<p>Les deux soci\u00e9t\u00e9s devraient d\u00e9marrer leurs activit\u00e9s au milieu de la prochaine ann\u00e9e fiscale. \u00c0 partir du sud du Japon, l&rsquo;une des principales bases de production alimentaire au Japon, une nouvelle exp\u00e9dition de produits d\u00e9butera par le biais d&rsquo;un syst\u00e8me de distribution respectueux de l&rsquo;environnement. Ce syst\u00e8me fournira plus de produits \u00e0 nos clients.<\/p>\n\n\n\n<p>SANKYOMEAT INC. souhaite continuer \u00e0 cro\u00eetre tout en gardant un \u0153il sur l&rsquo;avenir de la production de viande et en exploitant au mieux l\u2019expertise de terrain que nous avons d\u00e9velopp\u00e9e depuis la cr\u00e9ation de notre entreprise. Votre soutien futur sera grandement appr\u00e9ci\u00e9.<\/p>\n<\/div><\/div>\n<\/div>\n\n\n\n<div class=\"wp-block-column is-layout-flow wp-block-column-is-layout-flow\" style=\"flex-basis:33%\">\n<figure class=\"wp-block-image size-large\"><img loading=\"lazy\" decoding=\"async\" width=\"1024\" height=\"819\" src=\"https:\/\/sankyomeat.co.jp\/wp-content\/uploads\/2022\/04\/IMG_4731-3-1024x819.jpg\" alt=\"\" class=\"wp-image-1903\" srcset=\"https:\/\/sankyomeat.co.jp\/wp-content\/uploads\/2022\/04\/IMG_4731-3-1024x819.jpg 1024w, https:\/\/sankyomeat.co.jp\/wp-content\/uploads\/2022\/04\/IMG_4731-3-300x240.jpg 300w, https:\/\/sankyomeat.co.jp\/wp-content\/uploads\/2022\/04\/IMG_4731-3-768x614.jpg 768w, https:\/\/sankyomeat.co.jp\/wp-content\/uploads\/2022\/04\/IMG_4731-3-1536x1229.jpg 1536w, https:\/\/sankyomeat.co.jp\/wp-content\/uploads\/2022\/04\/IMG_4731-3-2048x1639.jpg 2048w\" sizes=\"auto, (max-width: 1024px) 100vw, 1024px\" \/><\/figure>\n\n\n\n<p><strong>Mitsuru Koga<\/strong><br>Pr\u00e9sident-directeur g\u00e9n\u00e9ral<br>SANKYOMEAT INC.<\/p>\n\n\n\n<p><\/p>\n<\/div>\n<\/div>\n","protected":false},"excerpt":{"rendered":"<p>Merci beaucoup de visiter le nouveau site de SANKYOMEAT INC. R\u00e9cemment, en raison de l&rsquo;impact caus\u00e9 par la pand\u00e9mie de COVID-19, la consommation de viande au Japon et \u00e0 l&rsquo;\u00e9tranger a radicalement chang\u00e9. En tant qu\u2019entreprise leader de la production de viande au Japon, SANKYOMEAT INC., situ\u00e9e dans le sud du Japon, produit et fournit constamment du b\u0153uf et du porc dans les autres r\u00e9gions du Japon et dans divers pays du monde. Nous fournissons nos produits alimentaires pour les d\u00e9jeuners scolaires de la ville de Shibushi. De plus, les \u00e9coliers et les \u00e9l\u00e8ves de divers \u00e9tablissements de Kagoshima mangeront notre boeuf SANKYOMEAT INC dans le cadre du programme de repas scolaires propos\u00e9 par la pr\u00e9fecture de Kagoshima.SANKYOMEAT INC. s&rsquo;engage \u00e0 continuer \u00e0 contribuer de diverses mani\u00e8res \u00e0 la communaut\u00e9 locale. En avril de l&rsquo;ann\u00e9e derni\u00e8re, nous avons introduit et mis en service des \u00e9quipements avanc\u00e9s. Ces \u00e9quipements int\u00e8grent une technologie europ\u00e9enne de pointe dans la transformation de la viande. Bien qu&rsquo;il y ait eu quelques difficult\u00e9s \u00e0 s&rsquo;habituer aux \u00e9quipements tr\u00e8s avanc\u00e9s au d\u00e9but, l&rsquo;usine a fonctionn\u00e9 sans probl\u00e8me gr\u00e2ce au travail d\u00e9vou\u00e9 des membres de notre \u00e9quipe. Par cons\u00e9quent, l&rsquo;ann\u00e9e derni\u00e8re, nous avons pu augmenter le nombre de bovins de pr\u00e8s de 20% par rapport \u00e0 l&rsquo;ann\u00e9e pr\u00e9c\u00e9dente. Cette ann\u00e9e, les membres de notre \u00e9quipe s&rsquo;engagent \u00e0 tout [&hellip;]<\/p>\n","protected":false},"author":1,"featured_media":369,"parent":1210,"menu_order":1,"comment_status":"closed","ping_status":"closed","template":"","meta":{"_acf_changed":false,"_locale":"fr_FR","_original_post":"https:\/\/sankyomeat.co.jp\/?page_id=32","footnotes":""},"class_list":{"0":"post-1212","1":"page","2":"type-page","3":"status-publish","4":"has-post-thumbnail","6":"fr-FR"},"acf":[],"aioseo_notices":[],"jetpack_sharing_enabled":true,"_links":{"self":[{"href":"https:\/\/sankyomeat.co.jp\/wp-json\/wp\/v2\/pages\/1212","targetHints":{"allow":["GET"]}}],"collection":[{"href":"https:\/\/sankyomeat.co.jp\/wp-json\/wp\/v2\/pages"}],"about":[{"href":"https:\/\/sankyomeat.co.jp\/wp-json\/wp\/v2\/types\/page"}],"author":[{"embeddable":true,"href":"https:\/\/sankyomeat.co.jp\/wp-json\/wp\/v2\/users\/1"}],"replies":[{"embeddable":true,"href":"https:\/\/sankyomeat.co.jp\/wp-json\/wp\/v2\/comments?post=1212"}],"version-history":[{"count":3,"href":"https:\/\/sankyomeat.co.jp\/wp-json\/wp\/v2\/pages\/1212\/revisions"}],"predecessor-version":[{"id":1905,"href":"https:\/\/sankyomeat.co.jp\/wp-json\/wp\/v2\/pages\/1212\/revisions\/1905"}],"up":[{"embeddable":true,"href":"https:\/\/sankyomeat.co.jp\/wp-json\/wp\/v2\/pages\/1210"}],"wp:featuredmedia":[{"embeddable":true,"href":"https:\/\/sankyomeat.co.jp\/wp-json\/wp\/v2\/media\/369"}],"wp:attachment":[{"href":"https:\/\/sankyomeat.co.jp\/wp-json\/wp\/v2\/media?parent=1212"}],"curies":[{"name":"wp","href":"https:\/\/api.w.org\/{rel}","templated":true}]}}