{"id":1222,"date":"2021-03-04T18:10:12","date_gmt":"2021-03-04T09:10:12","guid":{"rendered":"https:\/\/sankyomeat.co.jp\/?page_id=1222"},"modified":"2021-03-15T14:11:45","modified_gmt":"2021-03-15T05:11:45","slug":"form","status":"publish","type":"page","link":"https:\/\/sankyomeat.co.jp\/fr\/contact\/form\/","title":{"rendered":"Contact"},"content":{"rendered":"\n<p>Pour toute demande de renseignements et questions \u00e0 SANKYOMEAT INC., n&rsquo;h\u00e9sitez pas \u00e0 nous contacter par t\u00e9l\u00e9phone ou fax, ou remplissez le formulaire ci-dessous pour nous joindre par e-mail.<\/p>\n\n\n\n<p class=\"has-background\" style=\"background-color:#f2f2f2\">6965 Noikura, Ariake-cho, Shibushi, Kagoshima 899-7402<br><span class=\"btn-gray\">FAX<\/span> +81-99-474-1117<\/p>\n\n\n\n<div style=\"height:30px\" aria-hidden=\"true\" class=\"wp-block-spacer\"><\/div>\n\n\n\n<hr class=\"wp-block-separator\"\/>\n\n\n<p>[mwform_formkey key=\u00a0\u00bb1331&Prime;]<\/p>\n","protected":false},"excerpt":{"rendered":"<p>Pour toute demande de renseignements et questions \u00e0 SANKYOMEAT INC., n&rsquo;h\u00e9sitez pas \u00e0 nous contacter par t\u00e9l\u00e9phone ou fax, ou remplissez le formulaire ci-dessous pour nous joindre par e-mail. 6965 Noikura, Ariake-cho, Shibushi, Kagoshima 899-7402FAX +81-99-474-1117<\/p>\n","protected":false},"author":1,"featured_media":371,"parent":1219,"menu_order":0,"comment_status":"closed","ping_status":"closed","template":"","meta":{"_acf_changed":false,"_locale":"fr_FR","_original_post":"https:\/\/sankyomeat.co.jp\/?page_id=357","footnotes":""},"class_list":{"0":"post-1222","1":"page","2":"type-page","3":"status-publish","4":"has-post-thumbnail","6":"fr-FR"},"acf":[],"aioseo_notices":[],"jetpack_sharing_enabled":true,"_links":{"self":[{"href":"https:\/\/sankyomeat.co.jp\/wp-json\/wp\/v2\/pages\/1222","targetHints":{"allow":["GET"]}}],"collection":[{"href":"https:\/\/sankyomeat.co.jp\/wp-json\/wp\/v2\/pages"}],"about":[{"href":"https:\/\/sankyomeat.co.jp\/wp-json\/wp\/v2\/types\/page"}],"author":[{"embeddable":true,"href":"https:\/\/sankyomeat.co.jp\/wp-json\/wp\/v2\/users\/1"}],"replies":[{"embeddable":true,"href":"https:\/\/sankyomeat.co.jp\/wp-json\/wp\/v2\/comments?post=1222"}],"version-history":[{"count":3,"href":"https:\/\/sankyomeat.co.jp\/wp-json\/wp\/v2\/pages\/1222\/revisions"}],"predecessor-version":[{"id":1395,"href":"https:\/\/sankyomeat.co.jp\/wp-json\/wp\/v2\/pages\/1222\/revisions\/1395"}],"up":[{"embeddable":true,"href":"https:\/\/sankyomeat.co.jp\/wp-json\/wp\/v2\/pages\/1219"}],"wp:featuredmedia":[{"embeddable":true,"href":"https:\/\/sankyomeat.co.jp\/wp-json\/wp\/v2\/media\/371"}],"wp:attachment":[{"href":"https:\/\/sankyomeat.co.jp\/wp-json\/wp\/v2\/media?parent=1222"}],"curies":[{"name":"wp","href":"https:\/\/api.w.org\/{rel}","templated":true}]}}