{"id":1224,"date":"2021-03-05T14:50:20","date_gmt":"2021-03-05T05:50:20","guid":{"rendered":"https:\/\/sankyomeat.co.jp\/?page_id=1224"},"modified":"2021-03-10T19:52:13","modified_gmt":"2021-03-10T10:52:13","slug":"privacy-policy","status":"publish","type":"page","link":"https:\/\/sankyomeat.co.jp\/fr\/contact\/privacy-policy\/","title":{"rendered":"Politique de confidentialit\u00e9"},"content":{"rendered":"\n<p>SANKYOMEAT INC. a \u00e9tabli une politique de confidentialit\u00e9, pleinement conscient de la responsabilit\u00e9 sociale de se conformer aux lois et r\u00e8glements des juridictions o\u00f9 l\u2019entreprise op\u00e8re ainsi que de prot\u00e9ger les informations personnelles des clients avec la plus grande attention. Nous nous engageons \u00e0 travailler conform\u00e9ment \u00e0 cette politique pour assurer la s\u00e9curit\u00e9 des informations personnelles et ainsi procurer \u00e0 nos clients une tranquillit\u00e9 d&rsquo;esprit.<\/p>\n\n\n\n<h2 class=\"wp-block-heading\">D\u00e9finition des informations personnelles<\/h2>\n\n\n\n<p>Le terme \u00ab informations personnelles \u00bb d\u00e9signe des informations sur une personne qui permettent d\u2019identifier cette personne par son nom, sa date de naissance ou toute autre description contenue dans ces informations. Cela comprend les informations qui permettent de r\u00e9f\u00e9rencer ou de contrev\u00e9rifier d&rsquo;autres informations et permettent ainsi l&rsquo;identification d\u2019une personne sp\u00e9cifique.<\/p>\n\n\n\n<h2 class=\"wp-block-heading\">Collecte d&rsquo;informations personnelles<\/h2>\n\n\n\n<p>Nous pouvons collecter les informations personnelles de nos clients lorsqu&rsquo;ils nous contactent par le formulaire de notre site Web, par t\u00e9l\u00e9phone ou par d&rsquo;autres moyens. Nous collecterons ces informations de mani\u00e8re l\u00e9gale et juste et d\u00e9finirons \u00e0 l&rsquo;avance les finalit\u00e9s de leur utilisation.<\/p>\n\n\n\n<p>Nous pouvons collecter les informations personnelles suivantes :<\/p>\n\n\n\n<ul class=\"wp-block-list\"><li>Nom<\/li><li>Adresse e-mail<\/li><li>Informations qui peuvent \u00eatre utilis\u00e9es en combinaison avec les informations ci-dessus pour identifier cette personne sp\u00e9cifique.\u00a0<\/li><\/ul>\n\n\n\n<h2 class=\"wp-block-heading\">Utilisation des informations personnelles<\/h2>\n\n\n\n<p>Les informations personnelles qui entrent en notre possession seront utilis\u00e9es aux fins suivantes.<\/p>\n\n\n\n<ul class=\"wp-block-list\"><li>Utilis\u00e9es comme r\u00e9f\u00e9rence pour r\u00e9pondre aux demandes de renseignements<\/li><\/ul>\n\n\n\n<h2 class=\"wp-block-heading\">Fourniture d&rsquo;informations personnelles \u00e0 un tiers<\/h2>\n\n\n\n<p>Nous ne fournissons pas d&rsquo;informations personnelles \u00e0 un tiers sans avoir obtenu au pr\u00e9alable le consentement de nos clients, sauf indication contraire dans les cas suivants :<\/p>\n\n\n\n<ul class=\"wp-block-list\"><li>Lorsqu&rsquo;il est fond\u00e9 sur des lois et des r\u00e8glements, et lorsqu&rsquo;il est n\u00e9cessaire de coop\u00e9rer avec un gouvernement national, un gouvernement local, ou un individu ou une entreprise mandat\u00e9 par l&rsquo;un des deux premiers pour ex\u00e9cuter les actions prescrites par les lois et r\u00e8glements<\/li><li>Lorsque cela est n\u00e9cessaire pour la protection de la vie, du corps ou des biens d&rsquo;un individu, et lorsqu&rsquo;il est difficile d&rsquo;obtenir le consentement du client<\/li><li>Lorsque des informations personnelles sont utilis\u00e9es conjointement par des soci\u00e9t\u00e9s affili\u00e9es \u00e0 notre entreprise<\/li><\/ul>\n\n\n\n<h2 class=\"wp-block-heading\">Mesures de contr\u00f4le de la s\u00e9curit\u00e9 des informations personnelles<\/h2>\n\n\n\n<p>Nous avons nomm\u00e9 un responsable de la protection des informations personnelles pour mettre en \u0153uvre une gestion appropri\u00e9e des informations personnelles obtenues \u00e0 partir des clients afin d&#8217;emp\u00eacher la divulgation de ces informations.<\/p>\n\n\n\n<h2 class=\"wp-block-heading\">Utilisation des cookies<\/h2>\n\n\n\n<p>Pour fournir aux clients un meilleur service, nous pouvons utiliser des cookies. Toutefois, l&rsquo;utilisation des cookies ne nous permet pas de collecter des informations permettant d&rsquo;identifier une personne, ni de violer la vie priv\u00e9e de nos clients.<br>Si les utilisateurs souhaitent d\u00e9sactiver les cookies, cela peut \u00eatre fait en modifiant les param\u00e8tres du navigateur.<\/p>\n\n\n\n<ul class=\"wp-block-list\"><li>Un \u00ab cookie \u00bb est une information envoy\u00e9e d&rsquo;un ordinateur serveur au navigateur d&rsquo;un client et stock\u00e9e sur le disque dur de l&rsquo;ordinateur utilis\u00e9 par le client.<\/li><\/ul>\n\n\n\n<h2 class=\"wp-block-heading\">Analyse de site Web<\/h2>\n\n\n\n<p>Ce site utilise Google Analytics, qui est un service de Google Inc., pour nous aider \u00e0 comprendre et analyser l&rsquo;\u00e9tat d&rsquo;utilisation de ce site Web afin de fournir aux clients des services plus appropri\u00e9s qui r\u00e9pondent plus \u00e9troitement \u00e0 leurs int\u00e9r\u00eats et besoins, et ainsi am\u00e9liorer la commodit\u00e9 des clients et l&rsquo;utilisation de notre site Web.<\/p>\n\n\n\n<p>Google Analytics analyse votre historique de visite sur ce site \u00e0 l&rsquo;aide de cookies.<\/p>\n\n\n\n<p>Ces donn\u00e9es, collect\u00e9es de mani\u00e8re anonyme par Google Analytics, ne contiennent aucune information personnelle permettant d&rsquo;identifier une personne en particulier.<br><br>Veuillez consulter les informations suivantes concernant les m\u00e9thodes de Google pour collecter et utiliser vos informations et sa politique de confidentialit\u00e9. De plus, ces informations sont g\u00e9r\u00e9es par Google sur la base de sa politique de confidentialit\u00e9.<br><\/p>\n\n\n\n<p><a href=\"https:\/\/marketingplatform.google.com\/about\/analytics\/terms\/fr\/\" target=\"_blank\" rel=\"noreferrer noopener\">Conditions d&rsquo;utilisation de Google Analytics<\/a><br><a href=\"https:\/\/policies.google.com\/privacy?hl=fr\" target=\"_blank\" rel=\"noreferrer noopener\">Politique de confidentialit\u00e9 de Google<\/a><br>En utilisant ce site, les utilisateurs sont consid\u00e9r\u00e9s comme ayant donn\u00e9 leur autorisation pour le traitement des donn\u00e9es effectu\u00e9 par Google, Inc. et par l&rsquo;administrateur du site selon les m\u00e9thodes et les fins mentionn\u00e9es ci-dessus.<br>Il est possible de refuser un \u00ab cookie \u00bb par une op\u00e9ration du navigateur de l\u2019utilisateur. Le visiteur du site Web peut emp\u00eacher Google de collecter des informations via des cookies en v\u00e9rifiant les param\u00e8tres du navigateur utilis\u00e9 ou en t\u00e9l\u00e9chargeant et en installant le module compl\u00e9mentaire de navigateur pour la d\u00e9sactivation de Google Analytics ci-dessous.<br><br><a href=\"https:\/\/tools.google.com\/dlpage\/gaoptout?hl=fr\" target=\"_blank\" rel=\"noreferrer noopener\" title=\"https:\/\/tools.google.com\/dlpage\/gaoptout?hl=ja\">Module compl\u00e9mentaire de navigateur pour la d\u00e9sactivation de Google Analytics<\/a><\/p>\n\n\n\n<h2 class=\"wp-block-heading\">Modification et suppression des informations personnelles<\/h2>\n\n\n\n<p>Si le client souhaite modifier ou supprimer les informations que nous avons re\u00e7ues, veuillez nous contacter en utilisant les coordonn\u00e9es ci-dessous.<\/p>\n\n\n\n<h2 class=\"wp-block-heading\">Contact<\/h2>\n\n\n\n<p>Adresse : 6965 Noikura, Ariake-cho, Shibushi, Kagoshima 899-7402<br>TEL : + 81-99-474-1118<br>D\u00e9partement en charge : Division des ressources humaines et des affaires g\u00e9n\u00e9rales<br>Adresse e-mail : tetsuya.kawabata@itoham.co.jp<\/p>\n\n\n\n<h2 class=\"wp-block-heading\">R\u00e9visions de notre politique de confidentialit\u00e9<\/h2>\n\n\n\n<p>Chaque fois qu&rsquo;une modification des politiques d\u00e9crites dans le pr\u00e9sent document se produit, telle que la collecte, la port\u00e9e ou le but d&rsquo;utilisation des informations personnelles des clients, nous publierons ces modifications sur notre site Web et nous mettrons \u00e0 jour les informations.<\/p>\n","protected":false},"excerpt":{"rendered":"<p>SANKYOMEAT INC. a \u00e9tabli une politique de confidentialit\u00e9, pleinement conscient de la responsabilit\u00e9 sociale de se conformer aux lois et r\u00e8glements des juridictions o\u00f9 l\u2019entreprise op\u00e8re ainsi que de prot\u00e9ger les informations personnelles des clients avec la plus grande attention. Nous nous engageons \u00e0 travailler conform\u00e9ment \u00e0 cette politique pour assurer la s\u00e9curit\u00e9 des informations personnelles et ainsi procurer \u00e0 nos clients une tranquillit\u00e9 d&rsquo;esprit. D\u00e9finition des informations personnelles Le terme \u00ab informations personnelles \u00bb d\u00e9signe des informations sur une personne qui permettent d\u2019identifier cette personne par son nom, sa date de naissance ou toute autre description contenue dans ces informations. Cela comprend les informations qui permettent de r\u00e9f\u00e9rencer ou de contrev\u00e9rifier d&rsquo;autres informations et permettent ainsi l&rsquo;identification d\u2019une personne sp\u00e9cifique. Collecte d&rsquo;informations personnelles Nous pouvons collecter les informations personnelles de nos clients lorsqu&rsquo;ils nous contactent par le formulaire de notre site Web, par t\u00e9l\u00e9phone ou par d&rsquo;autres moyens. Nous collecterons ces informations de mani\u00e8re l\u00e9gale et juste et d\u00e9finirons \u00e0 l&rsquo;avance les finalit\u00e9s de leur utilisation. Nous pouvons collecter les informations personnelles suivantes : Nom Adresse e-mail Informations qui peuvent \u00eatre utilis\u00e9es en combinaison avec les informations ci-dessus pour identifier cette personne sp\u00e9cifique.\u00a0 Utilisation des informations personnelles Les informations personnelles qui entrent en notre possession seront utilis\u00e9es aux fins suivantes. Utilis\u00e9es comme r\u00e9f\u00e9rence pour r\u00e9pondre aux demandes de renseignements [&hellip;]<\/p>\n","protected":false},"author":1,"featured_media":372,"parent":1219,"menu_order":2,"comment_status":"closed","ping_status":"closed","template":"","meta":{"_acf_changed":false,"_locale":"fr_FR","_original_post":"https:\/\/sankyomeat.co.jp\/?page_id=3","footnotes":""},"class_list":{"0":"post-1224","1":"page","2":"type-page","3":"status-publish","4":"has-post-thumbnail","6":"fr-FR"},"acf":[],"aioseo_notices":[],"jetpack_sharing_enabled":true,"_links":{"self":[{"href":"https:\/\/sankyomeat.co.jp\/wp-json\/wp\/v2\/pages\/1224","targetHints":{"allow":["GET"]}}],"collection":[{"href":"https:\/\/sankyomeat.co.jp\/wp-json\/wp\/v2\/pages"}],"about":[{"href":"https:\/\/sankyomeat.co.jp\/wp-json\/wp\/v2\/types\/page"}],"author":[{"embeddable":true,"href":"https:\/\/sankyomeat.co.jp\/wp-json\/wp\/v2\/users\/1"}],"replies":[{"embeddable":true,"href":"https:\/\/sankyomeat.co.jp\/wp-json\/wp\/v2\/comments?post=1224"}],"version-history":[{"count":2,"href":"https:\/\/sankyomeat.co.jp\/wp-json\/wp\/v2\/pages\/1224\/revisions"}],"predecessor-version":[{"id":1287,"href":"https:\/\/sankyomeat.co.jp\/wp-json\/wp\/v2\/pages\/1224\/revisions\/1287"}],"up":[{"embeddable":true,"href":"https:\/\/sankyomeat.co.jp\/wp-json\/wp\/v2\/pages\/1219"}],"wp:featuredmedia":[{"embeddable":true,"href":"https:\/\/sankyomeat.co.jp\/wp-json\/wp\/v2\/media\/372"}],"wp:attachment":[{"href":"https:\/\/sankyomeat.co.jp\/wp-json\/wp\/v2\/media?parent=1224"}],"curies":[{"name":"wp","href":"https:\/\/api.w.org\/{rel}","templated":true}]}}